{"id":1508,"date":"2024-09-03T13:31:13","date_gmt":"2024-09-03T13:31:13","guid":{"rendered":"https:\/\/zastita-jurenec.amondi.dev\/?page_id=1508"},"modified":"2024-09-03T13:36:53","modified_gmt":"2024-09-03T13:36:53","slug":"pravila-privatnosti","status":"publish","type":"page","link":"https:\/\/zastita-jurenec.hr\/?page_id=1508","title":{"rendered":"Pravila privatnosti"},"content":{"rendered":"\t\t<div data-elementor-type=\"wp-page\" data-elementor-id=\"1508\" class=\"elementor elementor-1508\" data-elementor-post-type=\"page\">\n\t\t\t\t<div class=\"elementor-element elementor-element-bd510fb e-flex e-con-boxed e-con e-parent\" data-id=\"bd510fb\" data-element_type=\"container\" data-settings=\"{&quot;background_background&quot;:&quot;classic&quot;}\">\n\t\t\t\t\t<div class=\"e-con-inner\">\n\t\t<div class=\"elementor-element elementor-element-d1df30f e-con-full e-flex e-con e-child\" data-id=\"d1df30f\" data-element_type=\"container\">\n\t\t<div class=\"elementor-element elementor-element-0c07d8c e-con-full e-flex e-con e-child\" data-id=\"0c07d8c\" data-element_type=\"container\">\n\t\t\t\t<div class=\"elementor-element elementor-element-d3e6f21 elementor-widget elementor-widget-heading\" data-id=\"d3e6f21\" data-element_type=\"widget\" data-widget_type=\"heading.default\">\n\t\t\t\t<div class=\"elementor-widget-container\">\n\t\t\t<h6 class=\"elementor-heading-title elementor-size-default\">ZA\u0160TITA JURENEC<\/h6>\t\t<\/div>\n\t\t\t\t<\/div>\n\t\t\t\t<div class=\"elementor-element elementor-element-cb02b82 elementor-widget elementor-widget-heading\" data-id=\"cb02b82\" data-element_type=\"widget\" data-widget_type=\"heading.default\">\n\t\t\t\t<div class=\"elementor-widget-container\">\n\t\t\t<h3 class=\"elementor-heading-title elementor-size-default\">Pravila privatnosti<\/h3>\t\t<\/div>\n\t\t\t\t<\/div>\n\t\t\t\t<\/div>\n\t\t\t\t<\/div>\n\t\t\t\t\t<\/div>\n\t\t\t\t<\/div>\n\t\t<div class=\"elementor-element elementor-element-b5bad93 e-flex e-con-boxed e-con e-parent\" data-id=\"b5bad93\" data-element_type=\"container\">\n\t\t\t\t\t<div class=\"e-con-inner\">\n\t\t\t\t<div class=\"elementor-element elementor-element-05e5a80 elementor-widget elementor-widget-text-editor\" data-id=\"05e5a80\" data-element_type=\"widget\" data-widget_type=\"text-editor.default\">\n\t\t\t\t<div class=\"elementor-widget-container\">\n\t\t\t\t\t\t\t<p>ZA\u0160TITA JURENEC d.o.o. kao vlasnik ovih web stranica po\u0161tuje privatnost posjetitelja i nikada ne\u0107e zloupotrijebiti va\u0161e osobne podatke na bilo koji na\u010din. Koristimo Google Analytics za prikupljanje statisti\u010dkih podataka o posje\u0107enosti na\u0161ih web stranica.<\/p><p>Za\u0161tita va\u0161ih osobnih podataka zna\u010di da:<\/p><ul><li>nikada ne\u0107emo zloupotrijebiti va\u0161e osobne podatke na bilo koji na\u010din<\/li><li>va\u0161 kontakt i osobne podatke ne\u0107emo nikada dati bilo kojoj tre\u0107oj strani<\/li><li>va\u0161 kontakt i osobni podaci mogu se otkriti tre\u0107oj strani samo uz va\u0161u dozvolu.<\/li><\/ul><p>\u00a0<\/p><p>Sukladno Zakonu o za\u0161titi osobnih podataka na va\u0161 zahtjev omogu\u0107it \u0107e vam se pristup podacima kao i eventualni ispravak istih. Sve na\u0161e aktivnosti su u skladu s europskim zakonodavstvom i nacionalnim zakonodavstvom Republike Hrvatske (Zakon o za\u0161titi osobnih podataka, Zakon o elektroni\u010dkom poslovanju, itd.).<\/p><p>Va\u0161a privola<br \/>Klikom na &#8220;Sla\u017eem se&#8221; i kori\u0161tenjem ove web stranice dajete privolu na ovu politiku privatnosti.<\/p><p>Politika kori\u0161tenja kola\u010di\u0107a<br \/>Ova internetska stranica koristi &#8220;kola\u010di\u0107e&#8221; radi pobolj\u0161anja na\u0161ih usluga. Kako bismo personalizirali sadr\u017eaj i eventualne oglase, omogu\u0107ili zna\u010dajke dru\u0161tvenih medija i analizirali promet. Isto tako, podatke o va\u0161oj upotrebi na\u0161e web-lokacije dijelimo s partnerima za dru\u0161tvene medije, ogla\u0161avanje i analizu, a oni ih mogu kombinirati s drugim podacima koje ste im pru\u017eili ili koje su prikupili dok ste upotrebljavali njihove usluge. Nastavkom kori\u0161tenja na\u0161ih internetskih stranica vi prihva\u0107ate na\u0161u upotrebu kola\u010di\u0107a.<\/p><p>\u0160to je &#8220;kola\u010di\u0107&#8221;?<br \/>&#8220;Kola\u010di\u0107i&#8221; (&#8220;cookies&#8221;) su male datoteke koje Va\u0161 internetski preglednik sprema na tvrdi disk ra\u010dunala prilikom posjete na\u0161e Internetske stranice. To omogu\u0107uje na\u0161oj stranici da prepozna Va\u0161e ra\u010dunalo kada nas sljede\u0107i put posjetite, kako bi vam sukladno tome unaprijedili korisni\u010dko iskustvo prilikom pregleda stranica.<br \/>Zakon dopu\u0161ta spremanje kola\u010di\u0107a na va\u0161 ure\u0111aj ako je izri\u010dito potreban za rad stranice. Za sve ostale vrste kola\u010di\u0107a potrebno nam je va\u0161e dopu\u0161tenje.<br \/>Da bi &#8220;kola\u010di\u0107e&#8221; mogli koristiti sukladno Zakonu o elektroni\u010dkim komunikacijama, Zakonu o za\u0161titi osobnih podataka i Direktivama EU 2002\/58\/EZ i 95\/46\/EZ treba nam va\u0161a privola. Klikom na &#8220;Sla\u017eem se&#8221; i kori\u0161tenjem ove Internet stranice dajete privolu i pristajete na uporabu kola\u010di\u0107a. Blokiranjem kola\u010di\u0107a i dalje mo\u017eete pregledavati stranicu, no neke njezine mogu\u0107nosti Vam ne\u0107e biti dostupne.<\/p><p>Kola\u010di\u0107i nisu usmjereni na \u0161pijuniranje korisnika i ne slijede sve \u0161to korisnik radi te nisu zlonamjerni kod ili virus. Tako\u0111er kola\u010di\u0107i nisu povezani s ne\u017eeljenim porukama ili spamom, ne mogu slijediti ono \u0161to tipkate na tipkovnici (ne mogu spremiti lozinku) i nisu namijenjeni isklju\u010divo za reklame ili ogla\u0161avanje. U bilo kojem trenutku mo\u017eete promijeniti ili povu\u0107i va\u0161 pristanak na Izjavu o kola\u010di\u010dima na na\u0161im internetskim stranicama.<\/p><p>Koje vrste kola\u010di\u0107a koristi ova web stranica?<\/p><ul><li>ZA\u0160TITA JURENEC d.o.o. na svojim Internetskim stranicama koristi dvije vrste &#8220;kola\u010di\u0107a&#8221; :<br \/>Privremeni \u2013 nu\u017eni kola\u010di\u0107i (&#8220;session cookies&#8221;): ovo su privremeni kola\u010di\u0107i koji ostaju u kola\u010di\u0107 datoteci Va\u0161eg preglednika dok ne zavr\u0161ite Va\u0161e pretra\u017eivanje. \u010dine stranicu upotrebljivom omogu\u0107avaju\u0107i osnovne funkcije kao \u0161to su navigacija stranicom i pristup za\u0161ti\u0107enim podru\u010djima. Web-stranica ne mo\u017ee ispravno funkcionirati bez ovih kola\u010di\u0107a.<\/li><li>Statisti\u010dki trajni kola\u010di\u0107i (&#8220;persistent cookies&#8221;): kola\u010di\u0107i anonimnim prikupljanjem i slanjem podataka poma\u017eu vlasnicima stranice da shvate na koji na\u010din posjetitelji komuniciraju sa stranicom. Ti kola\u010di\u0107i ostaju u kola\u010di\u0107 datoteci Va\u0161eg preglednika du\u017ee vrijeme. Taj vremenski period ovisit \u0107e o izboru postavki na Va\u0161em Internet pregledniku.<\/li><\/ul><p>\u00a0<\/p><p>Na\u0161im korisnicima stalno nastojimo pru\u017eiti najbolje mogu\u0107e korisni\u010dko iskustvo pa je potrebno napomenuti da na\u0161e Internetske stranice rade optimalno samo ako su kola\u010di\u0107i omogu\u0107eni. Tako vas mo\u017eemo prepoznati kad ponovno posjetite na\u0161u stranicu, a kola\u010di\u0107i nam tako\u0111er omogu\u0107uju otkrivanje i ispravljanje pogre\u0161aka, tako da Va\u0161 pregled stranice bude br\u017ei i prilago\u0111en va\u0161im potrebama. Dodatne informacije, poput Va\u0161eg imena ili e-mail adrese \u0107e biti spremljene jedino ako Vi to omogu\u0107ite \u2013 web stranice ne mogu dobiti pristup informacijama koje im Vi niste dali i ne mogu pristupiti drugim datotekama na Va\u0161em ra\u010dunalu.<\/p><p>Kola\u010di\u0107i tre\u0107ih osoba<br \/>ZA\u0160TITA JURENEC d.o.o. na svojim internetskim stranicama koristi vlastite kola\u010di\u0107e, a istovremeno omogu\u0107uje odabranim tre\u0107im stranama da na korisnikovo ra\u010dunalo instaliraju svoje kola\u010di\u0107e (takozvani vanjski kola\u010di\u0107i). Ovi kola\u010di\u0107i nisu postavljeni od strane ove web stranice, ali neki slu\u017ee za normalno funkcioniranje odre\u0111enih mogu\u0107nosti koje korisnicima olak\u0161avaju pristup sadr\u017eaju. Korisnik kori\u0161tenjem Internet stranice daje suglasnost za upotrebu kola\u010di\u0107a tre\u0107im stranama.<\/p><p>Upravljanje dozvolom za upotrebu kola\u010di\u0107a<br \/>Odluka ho\u0107e li ili ne, dopustiti Internetskoj stranici kori\u0161tenje kola\u010di\u0107a u potpunosti je u va\u0161im rukama. Treba napomenuti da Internetska stranica funkcionira optimalno samo ako je omogu\u0107eno kori\u0161tenje kola\u010di\u0107a. Ako ste \u010dlan jedne ili vi\u0161e sljede\u0107ih dru\u0161tvenih mre\u017ea i ne \u017eelite da Operater pove\u017ee podatke koji se odnose na va\u0161u upotrebu Usluga s va\u0161im \u010dlanskim podacima koje je Operater ve\u0107 pohranio, odjavite se s dru\u0161tvene mre\u017ee prije upotrebe na\u0161ih Usluga.<\/p><p>Kako onemogu\u0107iti kola\u010di\u0107e?<br \/>Isklju\u010divanjem kola\u010di\u0107a odlu\u010dujete ho\u0107ete li dopustiti pohranjivanje kola\u010di\u0107a na va\u0161em ra\u010dunalu. Postavke za kola\u010di\u0107e mogu se kontrolirati i konfigurirati u va\u0161em Internet pregledniku. Ovla\u0161teni ste zabraniti primanje kola\u010di\u0107a, \u0161to mo\u017eete u\u010diniti tako da u izborniku Alati\/Opcije (Tools\/Options) svog internetskog preglednika izaberete tu mogu\u0107nost.<\/p>\t\t\t\t\t\t<\/div>\n\t\t\t\t<\/div>\n\t\t\t\t\t<\/div>\n\t\t\t\t<\/div>\n\t\t\t\t<\/div>\n\t\t","protected":false},"excerpt":{"rendered":"<p>ZA\u0160TITA JURENEC Pravila privatnosti ZA\u0160TITA JURENEC d.o.o. kao vlasnik ovih web stranica po\u0161tuje privatnost posjetitelja i nikada ne\u0107e zloupotrijebiti va\u0161e osobne podatke na bilo koji na\u010din. Koristimo Google Analytics za prikupljanje statisti\u010dkih podataka o posje\u0107enosti na\u0161ih web stranica. Za\u0161tita va\u0161ih osobnih podataka zna\u010di da: nikada ne\u0107emo zloupotrijebiti va\u0161e osobne podatke na bilo koji na\u010din va\u0161 [&hellip;]<\/p>\n","protected":false},"author":1,"featured_media":0,"parent":0,"menu_order":0,"comment_status":"closed","ping_status":"closed","template":"","meta":{"inline_featured_image":false,"footnotes":""},"class_list":["post-1508","page","type-page","status-publish","hentry"],"yoast_head":"<!-- This site is optimized with the Yoast SEO plugin v27.4 - https:\/\/yoast.com\/product\/yoast-seo-wordpress\/ -->\n<title>Pravila privatnosti - Za\u0161tita Jurenec<\/title>\n<meta name=\"robots\" content=\"index, follow, max-snippet:-1, max-image-preview:large, max-video-preview:-1\" \/>\n<link rel=\"canonical\" href=\"https:\/\/zastita-jurenec.hr\/?page_id=1508\" \/>\n<meta property=\"og:locale\" content=\"en_US\" \/>\n<meta property=\"og:type\" content=\"article\" \/>\n<meta property=\"og:title\" content=\"Pravila privatnosti - Za\u0161tita Jurenec\" \/>\n<meta property=\"og:description\" content=\"ZA\u0160TITA JURENEC Pravila privatnosti ZA\u0160TITA JURENEC d.o.o. kao vlasnik ovih web stranica po\u0161tuje privatnost posjetitelja i nikada ne\u0107e zloupotrijebiti va\u0161e osobne podatke na bilo koji na\u010din. Koristimo Google Analytics za prikupljanje statisti\u010dkih podataka o posje\u0107enosti na\u0161ih web stranica. Za\u0161tita va\u0161ih osobnih podataka zna\u010di da: nikada ne\u0107emo zloupotrijebiti va\u0161e osobne podatke na bilo koji na\u010din va\u0161 [&hellip;]\" \/>\n<meta property=\"og:url\" content=\"https:\/\/zastita-jurenec.hr\/?page_id=1508\" \/>\n<meta property=\"og:site_name\" content=\"Za\u0161tita Jurenec\" \/>\n<meta property=\"article:modified_time\" content=\"2024-09-03T13:36:53+00:00\" \/>\n<meta name=\"twitter:card\" content=\"summary_large_image\" \/>\n<meta name=\"twitter:label1\" content=\"Est. reading time\" \/>\n\t<meta name=\"twitter:data1\" content=\"5 minutes\" \/>\n<script type=\"application\/ld+json\" class=\"yoast-schema-graph\">{\"@context\":\"https:\\\/\\\/schema.org\",\"@graph\":[{\"@type\":\"WebPage\",\"@id\":\"https:\\\/\\\/zastita-jurenec.hr\\\/?page_id=1508\",\"url\":\"https:\\\/\\\/zastita-jurenec.hr\\\/?page_id=1508\",\"name\":\"Pravila privatnosti - Za\u0161tita Jurenec\",\"isPartOf\":{\"@id\":\"https:\\\/\\\/zastita-jurenec.hr\\\/#website\"},\"datePublished\":\"2024-09-03T13:31:13+00:00\",\"dateModified\":\"2024-09-03T13:36:53+00:00\",\"breadcrumb\":{\"@id\":\"https:\\\/\\\/zastita-jurenec.hr\\\/?page_id=1508#breadcrumb\"},\"inLanguage\":\"en-US\",\"potentialAction\":[{\"@type\":\"ReadAction\",\"target\":[\"https:\\\/\\\/zastita-jurenec.hr\\\/?page_id=1508\"]}]},{\"@type\":\"BreadcrumbList\",\"@id\":\"https:\\\/\\\/zastita-jurenec.hr\\\/?page_id=1508#breadcrumb\",\"itemListElement\":[{\"@type\":\"ListItem\",\"position\":1,\"name\":\"Home\",\"item\":\"https:\\\/\\\/zastita-jurenec.hr\\\/\"},{\"@type\":\"ListItem\",\"position\":2,\"name\":\"Pravila privatnosti\"}]},{\"@type\":\"WebSite\",\"@id\":\"https:\\\/\\\/zastita-jurenec.hr\\\/#website\",\"url\":\"https:\\\/\\\/zastita-jurenec.hr\\\/\",\"name\":\"Za\u0161tita Jurenec\",\"description\":\"\",\"publisher\":{\"@id\":\"https:\\\/\\\/zastita-jurenec.hr\\\/#organization\"},\"potentialAction\":[{\"@type\":\"SearchAction\",\"target\":{\"@type\":\"EntryPoint\",\"urlTemplate\":\"https:\\\/\\\/zastita-jurenec.hr\\\/?s={search_term_string}\"},\"query-input\":{\"@type\":\"PropertyValueSpecification\",\"valueRequired\":true,\"valueName\":\"search_term_string\"}}],\"inLanguage\":\"en-US\"},{\"@type\":\"Organization\",\"@id\":\"https:\\\/\\\/zastita-jurenec.hr\\\/#organization\",\"name\":\"Za\u0161tita Jurenec\",\"url\":\"https:\\\/\\\/zastita-jurenec.hr\\\/\",\"logo\":{\"@type\":\"ImageObject\",\"inLanguage\":\"en-US\",\"@id\":\"https:\\\/\\\/zastita-jurenec.hr\\\/#\\\/schema\\\/logo\\\/image\\\/\",\"url\":\"https:\\\/\\\/zastita-jurenec.hr\\\/wp-content\\\/uploads\\\/2024\\\/08\\\/Jurenec-logo-positive.svg\",\"contentUrl\":\"https:\\\/\\\/zastita-jurenec.hr\\\/wp-content\\\/uploads\\\/2024\\\/08\\\/Jurenec-logo-positive.svg\",\"width\":96,\"height\":156,\"caption\":\"Za\u0161tita Jurenec\"},\"image\":{\"@id\":\"https:\\\/\\\/zastita-jurenec.hr\\\/#\\\/schema\\\/logo\\\/image\\\/\"}}]}<\/script>\n<!-- \/ Yoast SEO plugin. -->","yoast_head_json":{"title":"Pravila privatnosti - Za\u0161tita Jurenec","robots":{"index":"index","follow":"follow","max-snippet":"max-snippet:-1","max-image-preview":"max-image-preview:large","max-video-preview":"max-video-preview:-1"},"canonical":"https:\/\/zastita-jurenec.hr\/?page_id=1508","og_locale":"en_US","og_type":"article","og_title":"Pravila privatnosti - Za\u0161tita Jurenec","og_description":"ZA\u0160TITA JURENEC Pravila privatnosti ZA\u0160TITA JURENEC d.o.o. kao vlasnik ovih web stranica po\u0161tuje privatnost posjetitelja i nikada ne\u0107e zloupotrijebiti va\u0161e osobne podatke na bilo koji na\u010din. Koristimo Google Analytics za prikupljanje statisti\u010dkih podataka o posje\u0107enosti na\u0161ih web stranica. Za\u0161tita va\u0161ih osobnih podataka zna\u010di da: nikada ne\u0107emo zloupotrijebiti va\u0161e osobne podatke na bilo koji na\u010din va\u0161 [&hellip;]","og_url":"https:\/\/zastita-jurenec.hr\/?page_id=1508","og_site_name":"Za\u0161tita Jurenec","article_modified_time":"2024-09-03T13:36:53+00:00","twitter_card":"summary_large_image","twitter_misc":{"Est. reading time":"5 minutes"},"schema":{"@context":"https:\/\/schema.org","@graph":[{"@type":"WebPage","@id":"https:\/\/zastita-jurenec.hr\/?page_id=1508","url":"https:\/\/zastita-jurenec.hr\/?page_id=1508","name":"Pravila privatnosti - Za\u0161tita Jurenec","isPartOf":{"@id":"https:\/\/zastita-jurenec.hr\/#website"},"datePublished":"2024-09-03T13:31:13+00:00","dateModified":"2024-09-03T13:36:53+00:00","breadcrumb":{"@id":"https:\/\/zastita-jurenec.hr\/?page_id=1508#breadcrumb"},"inLanguage":"en-US","potentialAction":[{"@type":"ReadAction","target":["https:\/\/zastita-jurenec.hr\/?page_id=1508"]}]},{"@type":"BreadcrumbList","@id":"https:\/\/zastita-jurenec.hr\/?page_id=1508#breadcrumb","itemListElement":[{"@type":"ListItem","position":1,"name":"Home","item":"https:\/\/zastita-jurenec.hr\/"},{"@type":"ListItem","position":2,"name":"Pravila privatnosti"}]},{"@type":"WebSite","@id":"https:\/\/zastita-jurenec.hr\/#website","url":"https:\/\/zastita-jurenec.hr\/","name":"Za\u0161tita Jurenec","description":"","publisher":{"@id":"https:\/\/zastita-jurenec.hr\/#organization"},"potentialAction":[{"@type":"SearchAction","target":{"@type":"EntryPoint","urlTemplate":"https:\/\/zastita-jurenec.hr\/?s={search_term_string}"},"query-input":{"@type":"PropertyValueSpecification","valueRequired":true,"valueName":"search_term_string"}}],"inLanguage":"en-US"},{"@type":"Organization","@id":"https:\/\/zastita-jurenec.hr\/#organization","name":"Za\u0161tita Jurenec","url":"https:\/\/zastita-jurenec.hr\/","logo":{"@type":"ImageObject","inLanguage":"en-US","@id":"https:\/\/zastita-jurenec.hr\/#\/schema\/logo\/image\/","url":"https:\/\/zastita-jurenec.hr\/wp-content\/uploads\/2024\/08\/Jurenec-logo-positive.svg","contentUrl":"https:\/\/zastita-jurenec.hr\/wp-content\/uploads\/2024\/08\/Jurenec-logo-positive.svg","width":96,"height":156,"caption":"Za\u0161tita Jurenec"},"image":{"@id":"https:\/\/zastita-jurenec.hr\/#\/schema\/logo\/image\/"}}]}},"_links":{"self":[{"href":"https:\/\/zastita-jurenec.hr\/index.php?rest_route=\/wp\/v2\/pages\/1508","targetHints":{"allow":["GET"]}}],"collection":[{"href":"https:\/\/zastita-jurenec.hr\/index.php?rest_route=\/wp\/v2\/pages"}],"about":[{"href":"https:\/\/zastita-jurenec.hr\/index.php?rest_route=\/wp\/v2\/types\/page"}],"author":[{"embeddable":true,"href":"https:\/\/zastita-jurenec.hr\/index.php?rest_route=\/wp\/v2\/users\/1"}],"replies":[{"embeddable":true,"href":"https:\/\/zastita-jurenec.hr\/index.php?rest_route=%2Fwp%2Fv2%2Fcomments&post=1508"}],"version-history":[{"count":10,"href":"https:\/\/zastita-jurenec.hr\/index.php?rest_route=\/wp\/v2\/pages\/1508\/revisions"}],"predecessor-version":[{"id":1518,"href":"https:\/\/zastita-jurenec.hr\/index.php?rest_route=\/wp\/v2\/pages\/1508\/revisions\/1518"}],"wp:attachment":[{"href":"https:\/\/zastita-jurenec.hr\/index.php?rest_route=%2Fwp%2Fv2%2Fmedia&parent=1508"}],"curies":[{"name":"wp","href":"https:\/\/api.w.org\/{rel}","templated":true}]}}