{"id":1446,"date":"2024-09-03T12:58:20","date_gmt":"2024-09-03T12:58:20","guid":{"rendered":"https:\/\/zastita-jurenec.amondi.dev\/?page_id=1446"},"modified":"2024-09-04T12:20:09","modified_gmt":"2024-09-04T12:20:09","slug":"nase-vrijednosti","status":"publish","type":"page","link":"https:\/\/zastita-jurenec.hr\/?page_id=1446","title":{"rendered":"Na\u0161e vrijednosti"},"content":{"rendered":"\t\t<div data-elementor-type=\"wp-page\" data-elementor-id=\"1446\" class=\"elementor elementor-1446\" data-elementor-post-type=\"page\">\n\t\t\t\t<div class=\"elementor-element elementor-element-e92d4ed e-flex e-con-boxed e-con e-parent\" data-id=\"e92d4ed\" data-element_type=\"container\" data-settings=\"{&quot;background_background&quot;:&quot;classic&quot;}\">\n\t\t\t\t\t<div class=\"e-con-inner\">\n\t\t<div class=\"elementor-element elementor-element-85d845b e-con-full e-flex e-con e-child\" data-id=\"85d845b\" data-element_type=\"container\">\n\t\t<div class=\"elementor-element elementor-element-e851690 e-con-full e-flex e-con e-child\" data-id=\"e851690\" data-element_type=\"container\">\n\t\t\t\t<div class=\"elementor-element elementor-element-57ce107 elementor-widget elementor-widget-heading\" data-id=\"57ce107\" data-element_type=\"widget\" data-widget_type=\"heading.default\">\n\t\t\t\t<div class=\"elementor-widget-container\">\n\t\t\t<h6 class=\"elementor-heading-title elementor-size-default\">ZA\u0160TITA JURENEC<\/h6>\t\t<\/div>\n\t\t\t\t<\/div>\n\t\t\t\t<div class=\"elementor-element elementor-element-1d97534 elementor-widget elementor-widget-heading\" data-id=\"1d97534\" data-element_type=\"widget\" data-widget_type=\"heading.default\">\n\t\t\t\t<div class=\"elementor-widget-container\">\n\t\t\t<h3 class=\"elementor-heading-title elementor-size-default\">Na\u0161e vrijednosti<\/h3>\t\t<\/div>\n\t\t\t\t<\/div>\n\t\t\t\t<\/div>\n\t\t\t\t<\/div>\n\t\t<div class=\"elementor-element elementor-element-59771a3 e-con-full e-flex e-con e-child\" data-id=\"59771a3\" data-element_type=\"container\">\n\t\t\t\t<div class=\"elementor-element elementor-element-225bad9 ghost-button arrow-button elementor-widget elementor-widget-button\" data-id=\"225bad9\" data-element_type=\"widget\" data-widget_type=\"button.default\">\n\t\t\t\t<div class=\"elementor-widget-container\">\n\t\t\t\t\t<div class=\"elementor-button-wrapper\">\n\t\t\t<a class=\"elementor-button elementor-button-link elementor-size-sm\" href=\"#first-section\">\n\t\t\t\t\t\t<span class=\"elementor-button-content-wrapper\">\n\t\t\t\t\t\t<span class=\"elementor-button-icon\">\n\t\t\t\t<svg xmlns=\"http:\/\/www.w3.org\/2000\/svg\" width=\"24\" height=\"24\" viewBox=\"0 0 24 24\" fill=\"none\"><path d=\"M16.172 11L10.808 5.636L12.222 4.222L20 12L12.222 19.778L10.808 18.364L16.172 13H4V11H16.172Z\" fill=\"#C6C8CC\"><\/path><\/svg>\t\t\t<\/span>\n\t\t\t\t\t\t\t\t<\/span>\n\t\t\t\t\t<\/a>\n\t\t<\/div>\n\t\t\t\t<\/div>\n\t\t\t\t<\/div>\n\t\t\t\t<\/div>\n\t\t\t\t\t<\/div>\n\t\t\t\t<\/div>\n\t\t<div class=\"elementor-element elementor-element-5e81811 e-flex e-con-boxed e-con e-parent\" data-id=\"5e81811\" data-element_type=\"container\" id=\"first-section\">\n\t\t\t\t\t<div class=\"e-con-inner\">\n\t\t<div class=\"elementor-element elementor-element-548de03 e-con-full e-flex e-con e-child\" data-id=\"548de03\" data-element_type=\"container\">\n\t\t\t\t<div class=\"elementor-element elementor-element-0b49fa0 elementor-widget elementor-widget-image\" data-id=\"0b49fa0\" data-element_type=\"widget\" data-widget_type=\"image.default\">\n\t\t\t\t<div class=\"elementor-widget-container\">\n\t\t\t\t\t\t\t\t\t\t\t\t\t<img fetchpriority=\"high\" decoding=\"async\" width=\"600\" height=\"600\" src=\"https:\/\/zastita-jurenec.hr\/wp-content\/uploads\/2024\/09\/Sigurnost.webp\" class=\"attachment-full size-full wp-image-1457\" alt=\"\" srcset=\"https:\/\/zastita-jurenec.hr\/wp-content\/uploads\/2024\/09\/Sigurnost.webp 600w, https:\/\/zastita-jurenec.hr\/wp-content\/uploads\/2024\/09\/Sigurnost-300x300.webp 300w, https:\/\/zastita-jurenec.hr\/wp-content\/uploads\/2024\/09\/Sigurnost-150x150.webp 150w\" sizes=\"(max-width: 600px) 100vw, 600px\" \/>\t\t\t\t\t\t\t\t\t\t\t\t\t<\/div>\n\t\t\t\t<\/div>\n\t\t\t\t<\/div>\n\t\t<div class=\"elementor-element elementor-element-5b6004a e-con-full e-flex e-con e-child\" data-id=\"5b6004a\" data-element_type=\"container\">\n\t\t\t\t<div class=\"elementor-element elementor-element-8dca712 elementor-widget elementor-widget-heading\" data-id=\"8dca712\" data-element_type=\"widget\" data-widget_type=\"heading.default\">\n\t\t\t\t<div class=\"elementor-widget-container\">\n\t\t\t<h2 class=\"elementor-heading-title elementor-size-default\">Sigurnost<\/h2>\t\t<\/div>\n\t\t\t\t<\/div>\n\t\t\t\t<div class=\"elementor-element elementor-element-084a507 elementor-widget elementor-widget-text-editor\" data-id=\"084a507\" data-element_type=\"widget\" data-widget_type=\"text-editor.default\">\n\t\t\t\t<div class=\"elementor-widget-container\">\n\t\t\t\t\t\t\t<p>Sigurnost je sr\u017e na\u0161eg poslovanja i osnova svih na\u0161ih aktivnosti. Pru\u017eamo sveobuhvatnu za\u0161titu kako bi osigurali da va\u0161i ljudi i imovina budu sigurni u svakom trenutku. Na\u0161i stru\u010dnjaci koriste najnovije tehnologije i najbolje prakse kako bi detektirali i neutralizirali potencijalne prijetnje prije nego \u0161to postanu problem.<\/p>\t\t\t\t\t\t<\/div>\n\t\t\t\t<\/div>\n\t\t\t\t<\/div>\n\t\t\t\t\t<\/div>\n\t\t\t\t<\/div>\n\t\t<div class=\"elementor-element elementor-element-98ac183 e-flex e-con-boxed e-con e-parent\" data-id=\"98ac183\" data-element_type=\"container\" id=\"povjerenje\">\n\t\t\t\t\t<div class=\"e-con-inner\">\n\t\t<div class=\"elementor-element elementor-element-19c7f4d e-con-full e-flex e-con e-child\" data-id=\"19c7f4d\" data-element_type=\"container\">\n\t\t\t\t<div class=\"elementor-element elementor-element-2b26175 elementor-widget elementor-widget-image\" data-id=\"2b26175\" data-element_type=\"widget\" data-widget_type=\"image.default\">\n\t\t\t\t<div class=\"elementor-widget-container\">\n\t\t\t\t\t\t\t\t\t\t\t\t\t<img decoding=\"async\" width=\"600\" height=\"600\" src=\"https:\/\/zastita-jurenec.hr\/wp-content\/uploads\/2024\/09\/Povjerenje.webp\" class=\"attachment-full size-full wp-image-1459\" alt=\"\" srcset=\"https:\/\/zastita-jurenec.hr\/wp-content\/uploads\/2024\/09\/Povjerenje.webp 600w, https:\/\/zastita-jurenec.hr\/wp-content\/uploads\/2024\/09\/Povjerenje-300x300.webp 300w, https:\/\/zastita-jurenec.hr\/wp-content\/uploads\/2024\/09\/Povjerenje-150x150.webp 150w\" sizes=\"(max-width: 600px) 100vw, 600px\" \/>\t\t\t\t\t\t\t\t\t\t\t\t\t<\/div>\n\t\t\t\t<\/div>\n\t\t\t\t<\/div>\n\t\t<div class=\"elementor-element elementor-element-65c62ea e-con-full e-flex e-con e-child\" data-id=\"65c62ea\" data-element_type=\"container\">\n\t\t\t\t<div class=\"elementor-element elementor-element-36edd0f elementor-widget elementor-widget-heading\" data-id=\"36edd0f\" data-element_type=\"widget\" data-widget_type=\"heading.default\">\n\t\t\t\t<div class=\"elementor-widget-container\">\n\t\t\t<h2 class=\"elementor-heading-title elementor-size-default\">Povjerenje<\/h2>\t\t<\/div>\n\t\t\t\t<\/div>\n\t\t\t\t<div class=\"elementor-element elementor-element-61c1c66 elementor-widget elementor-widget-text-editor\" data-id=\"61c1c66\" data-element_type=\"widget\" data-widget_type=\"text-editor.default\">\n\t\t\t\t<div class=\"elementor-widget-container\">\n\t\t\t\t\t\t\t<p>Povjerenje je temelj svih na\u0161ih odnosa s klijentima. Gradimo dugoro\u010dne veze temeljene na transparentnosti, pouzdanosti i dosljednosti u pru\u017eanju vrhunskih sigurnosnih usluga. Svojim klijentima pristupamo s najve\u0107om odgovorno\u0161\u0107u i posve\u0107eno\u0161\u0107u, uvijek imaju\u0107i na umu njihovu sigurnost i dobrobit.<\/p>\t\t\t\t\t\t<\/div>\n\t\t\t\t<\/div>\n\t\t\t\t<\/div>\n\t\t\t\t\t<\/div>\n\t\t\t\t<\/div>\n\t\t<div class=\"elementor-element elementor-element-917702a e-flex e-con-boxed e-con e-parent\" data-id=\"917702a\" data-element_type=\"container\" id=\"profesionalnost\">\n\t\t\t\t\t<div class=\"e-con-inner\">\n\t\t<div class=\"elementor-element elementor-element-90ab6a5 e-con-full e-flex e-con e-child\" data-id=\"90ab6a5\" data-element_type=\"container\">\n\t\t\t\t<div class=\"elementor-element elementor-element-4c53ba9 elementor-widget elementor-widget-image\" data-id=\"4c53ba9\" data-element_type=\"widget\" data-widget_type=\"image.default\">\n\t\t\t\t<div class=\"elementor-widget-container\">\n\t\t\t\t\t\t\t\t\t\t\t\t\t<img decoding=\"async\" width=\"600\" height=\"600\" src=\"https:\/\/zastita-jurenec.hr\/wp-content\/uploads\/2024\/09\/Profesionalnost.webp\" class=\"attachment-full size-full wp-image-1458\" alt=\"\" srcset=\"https:\/\/zastita-jurenec.hr\/wp-content\/uploads\/2024\/09\/Profesionalnost.webp 600w, https:\/\/zastita-jurenec.hr\/wp-content\/uploads\/2024\/09\/Profesionalnost-300x300.webp 300w, https:\/\/zastita-jurenec.hr\/wp-content\/uploads\/2024\/09\/Profesionalnost-150x150.webp 150w\" sizes=\"(max-width: 600px) 100vw, 600px\" \/>\t\t\t\t\t\t\t\t\t\t\t\t\t<\/div>\n\t\t\t\t<\/div>\n\t\t\t\t<\/div>\n\t\t<div class=\"elementor-element elementor-element-f3bee45 e-con-full e-flex e-con e-child\" data-id=\"f3bee45\" data-element_type=\"container\">\n\t\t\t\t<div class=\"elementor-element elementor-element-ab93562 elementor-widget elementor-widget-heading\" data-id=\"ab93562\" data-element_type=\"widget\" data-widget_type=\"heading.default\">\n\t\t\t\t<div class=\"elementor-widget-container\">\n\t\t\t<h2 class=\"elementor-heading-title elementor-size-default\">Profesionalnost<\/h2>\t\t<\/div>\n\t\t\t\t<\/div>\n\t\t\t\t<div class=\"elementor-element elementor-element-7062fa7 elementor-widget elementor-widget-text-editor\" data-id=\"7062fa7\" data-element_type=\"widget\" data-widget_type=\"text-editor.default\">\n\t\t\t\t<div class=\"elementor-widget-container\">\n\t\t\t\t\t\t\t<p>Profesionalnost je klju\u010dna za na\u0161u reputaciju i uspjeh. Na\u0161 tim sastoji se od visoko obu\u010denih i iskusnih za\u0161titara koji se kontinuirano educiraju i usavr\u0161avaju. Ponosni smo na svoj profesionalni pristup svakom zadatku, bez obzira na veli\u010dinu ili slo\u017eenost. Svaki \u010dlan na\u0161eg tima posve\u0107en je pru\u017eanju usluge najvi\u0161e kvalitete.<\/p>\t\t\t\t\t\t<\/div>\n\t\t\t\t<\/div>\n\t\t\t\t<\/div>\n\t\t\t\t\t<\/div>\n\t\t\t\t<\/div>\n\t\t<div class=\"elementor-element elementor-element-51033b7 e-flex e-con-boxed e-con e-parent\" data-id=\"51033b7\" data-element_type=\"container\" id=\"odgovornost\">\n\t\t\t\t\t<div class=\"e-con-inner\">\n\t\t<div class=\"elementor-element elementor-element-76cedfa e-con-full e-flex e-con e-child\" data-id=\"76cedfa\" data-element_type=\"container\">\n\t\t\t\t<div class=\"elementor-element elementor-element-78733cb elementor-widget elementor-widget-image\" data-id=\"78733cb\" data-element_type=\"widget\" data-widget_type=\"image.default\">\n\t\t\t\t<div class=\"elementor-widget-container\">\n\t\t\t\t\t\t\t\t\t\t\t\t\t<img loading=\"lazy\" decoding=\"async\" width=\"600\" height=\"600\" src=\"https:\/\/zastita-jurenec.hr\/wp-content\/uploads\/2024\/09\/Odgovornost.webp\" class=\"attachment-full size-full wp-image-1460\" alt=\"\" srcset=\"https:\/\/zastita-jurenec.hr\/wp-content\/uploads\/2024\/09\/Odgovornost.webp 600w, https:\/\/zastita-jurenec.hr\/wp-content\/uploads\/2024\/09\/Odgovornost-300x300.webp 300w, https:\/\/zastita-jurenec.hr\/wp-content\/uploads\/2024\/09\/Odgovornost-150x150.webp 150w\" sizes=\"(max-width: 600px) 100vw, 600px\" \/>\t\t\t\t\t\t\t\t\t\t\t\t\t<\/div>\n\t\t\t\t<\/div>\n\t\t\t\t<\/div>\n\t\t<div class=\"elementor-element elementor-element-df35fda e-con-full e-flex e-con e-child\" data-id=\"df35fda\" data-element_type=\"container\">\n\t\t\t\t<div class=\"elementor-element elementor-element-10d7dd6 elementor-widget elementor-widget-heading\" data-id=\"10d7dd6\" data-element_type=\"widget\" data-widget_type=\"heading.default\">\n\t\t\t\t<div class=\"elementor-widget-container\">\n\t\t\t<h2 class=\"elementor-heading-title elementor-size-default\">Odgovornost<\/h2>\t\t<\/div>\n\t\t\t\t<\/div>\n\t\t\t\t<div class=\"elementor-element elementor-element-a8d924c elementor-widget elementor-widget-text-editor\" data-id=\"a8d924c\" data-element_type=\"widget\" data-widget_type=\"text-editor.default\">\n\t\t\t\t<div class=\"elementor-widget-container\">\n\t\t\t\t\t\t\t<p>Odgovornost je neizostavan dio na\u0161eg poslovanja. Svaki zadatak shva\u0107amo ozbiljno, pristupaju\u0107i mu s potpunom posve\u0107eno\u0161\u0107u i pa\u017enjom prema detaljima. Na\u0161a odgovornost prema klijentima uklju\u010duje ne samo fizi\u010dku za\u0161titu, ve\u0107 i savjetovanje o najboljim praksama sigurnosti i preventivnim mjerama. Stojimo iza svojih usluga i uvijek smo spremni odgovoriti na sve izazove koje sigurnosni sektor nosi.<\/p>\t\t\t\t\t\t<\/div>\n\t\t\t\t<\/div>\n\t\t\t\t<\/div>\n\t\t\t\t\t<\/div>\n\t\t\t\t<\/div>\n\t\t<div class=\"elementor-element elementor-element-3b4eeba e-flex e-con-boxed e-con e-parent\" data-id=\"3b4eeba\" data-element_type=\"container\" data-settings=\"{&quot;background_background&quot;:&quot;classic&quot;}\">\n\t\t\t\t\t<div class=\"e-con-inner\">\n\t\t<div class=\"elementor-element elementor-element-e2c20de e-con-full e-flex e-con e-child\" data-id=\"e2c20de\" data-element_type=\"container\">\n\t\t<div class=\"elementor-element elementor-element-d892840 e-con-full e-flex e-con e-child\" data-id=\"d892840\" data-element_type=\"container\">\n\t\t\t\t<div class=\"elementor-element elementor-element-8206db7 elementor-widget elementor-widget-heading\" data-id=\"8206db7\" data-element_type=\"widget\" data-widget_type=\"heading.default\">\n\t\t\t\t<div class=\"elementor-widget-container\">\n\t\t\t<h3 class=\"elementor-heading-title elementor-size-default\">Na\u0161e temeljne vrijednosti odra\u017eavaju na\u0161u predanost pru\u017eanju vrhunskih sigurnosnih usluga.<\/h3>\t\t<\/div>\n\t\t\t\t<\/div>\n\t\t\t\t<\/div>\n\t\t<div class=\"elementor-element elementor-element-789f6e4 e-con-full e-flex e-con e-child\" data-id=\"789f6e4\" data-element_type=\"container\">\n\t\t\t\t<div class=\"elementor-element elementor-element-0c93efe elementor-widget elementor-widget-text-editor\" data-id=\"0c93efe\" data-element_type=\"widget\" data-widget_type=\"text-editor.default\">\n\t\t\t\t<div class=\"elementor-widget-container\">\n\t\t\t\t\t\t\t<p>Sigurnost, povjerenje, profesionalnost i odgovornost vode nas u svakodnevnom radu, osiguravaju\u0107i da va\u0161a sigurnost bude na\u0161a prioritet. Pru\u017eamo sveobuhvatnu za\u0161titu za vas i va\u0161u imovinu, uvijek s ciljem da prema\u0161imo va\u0161a o\u010dekivanja. Pozivamo vas da nam se obratite i saznate vi\u0161e o tome kako mo\u017eemo za\u0161tititi ono \u0161to vam je najva\u017enije.<\/p>\t\t\t\t\t\t<\/div>\n\t\t\t\t<\/div>\n\t\t\t\t<div class=\"elementor-element elementor-element-183296d ghost-button elementor-widget elementor-widget-button\" data-id=\"183296d\" data-element_type=\"widget\" data-widget_type=\"button.default\">\n\t\t\t\t<div class=\"elementor-widget-container\">\n\t\t\t\t\t<div class=\"elementor-button-wrapper\">\n\t\t\t<a class=\"elementor-button elementor-button-link elementor-size-sm\" href=\"\/kontakt\">\n\t\t\t\t\t\t<span class=\"elementor-button-content-wrapper\">\n\t\t\t\t\t\t<span class=\"elementor-button-icon\">\n\t\t\t\t<svg xmlns=\"http:\/\/www.w3.org\/2000\/svg\" width=\"24\" height=\"24\" viewBox=\"0 0 24 24\" fill=\"none\"><path d=\"M16.172 11L10.808 5.636L12.222 4.222L20 12L12.222 19.778L10.808 18.364L16.172 13H4V11H16.172Z\" fill=\"#C6C8CC\"><\/path><\/svg>\t\t\t<\/span>\n\t\t\t\t\t\t\t\t\t<span class=\"elementor-button-text\">KONTAKT<\/span>\n\t\t\t\t\t<\/span>\n\t\t\t\t\t<\/a>\n\t\t<\/div>\n\t\t\t\t<\/div>\n\t\t\t\t<\/div>\n\t\t\t\t<\/div>\n\t\t\t\t<\/div>\n\t\t\t\t\t<\/div>\n\t\t\t\t<\/div>\n\t\t\t\t<\/div>\n\t\t","protected":false},"excerpt":{"rendered":"<p>ZA\u0160TITA JURENEC Na\u0161e vrijednosti Sigurnost Sigurnost je sr\u017e na\u0161eg poslovanja i osnova svih na\u0161ih aktivnosti. Pru\u017eamo sveobuhvatnu za\u0161titu kako bi osigurali da va\u0161i ljudi i imovina budu sigurni u svakom trenutku. Na\u0161i stru\u010dnjaci koriste najnovije tehnologije i najbolje prakse kako bi detektirali i neutralizirali potencijalne prijetnje prije nego \u0161to postanu problem. Povjerenje Povjerenje je temelj [&hellip;]<\/p>\n","protected":false},"author":1,"featured_media":0,"parent":0,"menu_order":0,"comment_status":"closed","ping_status":"closed","template":"","meta":{"inline_featured_image":false,"footnotes":""},"class_list":["post-1446","page","type-page","status-publish","hentry"],"yoast_head":"<!-- This site is optimized with the Yoast SEO plugin v27.4 - https:\/\/yoast.com\/product\/yoast-seo-wordpress\/ -->\n<title>Na\u0161e vrijednosti - Za\u0161tita Jurenec<\/title>\n<meta name=\"robots\" content=\"index, follow, max-snippet:-1, max-image-preview:large, max-video-preview:-1\" \/>\n<link rel=\"canonical\" href=\"https:\/\/zastita-jurenec.hr\/?page_id=1446\" \/>\n<meta property=\"og:locale\" content=\"en_US\" \/>\n<meta property=\"og:type\" content=\"article\" \/>\n<meta property=\"og:title\" content=\"Na\u0161e vrijednosti - Za\u0161tita Jurenec\" \/>\n<meta property=\"og:description\" content=\"ZA\u0160TITA JURENEC Na\u0161e vrijednosti Sigurnost Sigurnost je sr\u017e na\u0161eg poslovanja i osnova svih na\u0161ih aktivnosti. Pru\u017eamo sveobuhvatnu za\u0161titu kako bi osigurali da va\u0161i ljudi i imovina budu sigurni u svakom trenutku. Na\u0161i stru\u010dnjaci koriste najnovije tehnologije i najbolje prakse kako bi detektirali i neutralizirali potencijalne prijetnje prije nego \u0161to postanu problem. Povjerenje Povjerenje je temelj [&hellip;]\" \/>\n<meta property=\"og:url\" content=\"https:\/\/zastita-jurenec.hr\/?page_id=1446\" \/>\n<meta property=\"og:site_name\" content=\"Za\u0161tita Jurenec\" \/>\n<meta property=\"article:modified_time\" content=\"2024-09-04T12:20:09+00:00\" \/>\n<meta property=\"og:image\" content=\"http:\/\/zastita-jurenec.amondi.dev\/wp-content\/uploads\/2024\/09\/Sigurnost.webp\" \/>\n<meta name=\"twitter:card\" content=\"summary_large_image\" \/>\n<meta name=\"twitter:label1\" content=\"Est. reading time\" \/>\n\t<meta name=\"twitter:data1\" content=\"2 minutes\" \/>\n<script type=\"application\/ld+json\" class=\"yoast-schema-graph\">{\"@context\":\"https:\\\/\\\/schema.org\",\"@graph\":[{\"@type\":\"WebPage\",\"@id\":\"https:\\\/\\\/zastita-jurenec.hr\\\/?page_id=1446\",\"url\":\"https:\\\/\\\/zastita-jurenec.hr\\\/?page_id=1446\",\"name\":\"Na\u0161e vrijednosti - Za\u0161tita Jurenec\",\"isPartOf\":{\"@id\":\"https:\\\/\\\/zastita-jurenec.hr\\\/#website\"},\"primaryImageOfPage\":{\"@id\":\"https:\\\/\\\/zastita-jurenec.hr\\\/?page_id=1446#primaryimage\"},\"image\":{\"@id\":\"https:\\\/\\\/zastita-jurenec.hr\\\/?page_id=1446#primaryimage\"},\"thumbnailUrl\":\"http:\\\/\\\/zastita-jurenec.amondi.dev\\\/wp-content\\\/uploads\\\/2024\\\/09\\\/Sigurnost.webp\",\"datePublished\":\"2024-09-03T12:58:20+00:00\",\"dateModified\":\"2024-09-04T12:20:09+00:00\",\"breadcrumb\":{\"@id\":\"https:\\\/\\\/zastita-jurenec.hr\\\/?page_id=1446#breadcrumb\"},\"inLanguage\":\"en-US\",\"potentialAction\":[{\"@type\":\"ReadAction\",\"target\":[\"https:\\\/\\\/zastita-jurenec.hr\\\/?page_id=1446\"]}]},{\"@type\":\"ImageObject\",\"inLanguage\":\"en-US\",\"@id\":\"https:\\\/\\\/zastita-jurenec.hr\\\/?page_id=1446#primaryimage\",\"url\":\"http:\\\/\\\/zastita-jurenec.amondi.dev\\\/wp-content\\\/uploads\\\/2024\\\/09\\\/Sigurnost.webp\",\"contentUrl\":\"http:\\\/\\\/zastita-jurenec.amondi.dev\\\/wp-content\\\/uploads\\\/2024\\\/09\\\/Sigurnost.webp\"},{\"@type\":\"BreadcrumbList\",\"@id\":\"https:\\\/\\\/zastita-jurenec.hr\\\/?page_id=1446#breadcrumb\",\"itemListElement\":[{\"@type\":\"ListItem\",\"position\":1,\"name\":\"Home\",\"item\":\"https:\\\/\\\/zastita-jurenec.hr\\\/\"},{\"@type\":\"ListItem\",\"position\":2,\"name\":\"Na\u0161e vrijednosti\"}]},{\"@type\":\"WebSite\",\"@id\":\"https:\\\/\\\/zastita-jurenec.hr\\\/#website\",\"url\":\"https:\\\/\\\/zastita-jurenec.hr\\\/\",\"name\":\"Za\u0161tita Jurenec\",\"description\":\"\",\"publisher\":{\"@id\":\"https:\\\/\\\/zastita-jurenec.hr\\\/#organization\"},\"potentialAction\":[{\"@type\":\"SearchAction\",\"target\":{\"@type\":\"EntryPoint\",\"urlTemplate\":\"https:\\\/\\\/zastita-jurenec.hr\\\/?s={search_term_string}\"},\"query-input\":{\"@type\":\"PropertyValueSpecification\",\"valueRequired\":true,\"valueName\":\"search_term_string\"}}],\"inLanguage\":\"en-US\"},{\"@type\":\"Organization\",\"@id\":\"https:\\\/\\\/zastita-jurenec.hr\\\/#organization\",\"name\":\"Za\u0161tita Jurenec\",\"url\":\"https:\\\/\\\/zastita-jurenec.hr\\\/\",\"logo\":{\"@type\":\"ImageObject\",\"inLanguage\":\"en-US\",\"@id\":\"https:\\\/\\\/zastita-jurenec.hr\\\/#\\\/schema\\\/logo\\\/image\\\/\",\"url\":\"https:\\\/\\\/zastita-jurenec.hr\\\/wp-content\\\/uploads\\\/2024\\\/08\\\/Jurenec-logo-positive.svg\",\"contentUrl\":\"https:\\\/\\\/zastita-jurenec.hr\\\/wp-content\\\/uploads\\\/2024\\\/08\\\/Jurenec-logo-positive.svg\",\"width\":96,\"height\":156,\"caption\":\"Za\u0161tita Jurenec\"},\"image\":{\"@id\":\"https:\\\/\\\/zastita-jurenec.hr\\\/#\\\/schema\\\/logo\\\/image\\\/\"}}]}<\/script>\n<!-- \/ Yoast SEO plugin. -->","yoast_head_json":{"title":"Na\u0161e vrijednosti - Za\u0161tita Jurenec","robots":{"index":"index","follow":"follow","max-snippet":"max-snippet:-1","max-image-preview":"max-image-preview:large","max-video-preview":"max-video-preview:-1"},"canonical":"https:\/\/zastita-jurenec.hr\/?page_id=1446","og_locale":"en_US","og_type":"article","og_title":"Na\u0161e vrijednosti - Za\u0161tita Jurenec","og_description":"ZA\u0160TITA JURENEC Na\u0161e vrijednosti Sigurnost Sigurnost je sr\u017e na\u0161eg poslovanja i osnova svih na\u0161ih aktivnosti. Pru\u017eamo sveobuhvatnu za\u0161titu kako bi osigurali da va\u0161i ljudi i imovina budu sigurni u svakom trenutku. Na\u0161i stru\u010dnjaci koriste najnovije tehnologije i najbolje prakse kako bi detektirali i neutralizirali potencijalne prijetnje prije nego \u0161to postanu problem. Povjerenje Povjerenje je temelj [&hellip;]","og_url":"https:\/\/zastita-jurenec.hr\/?page_id=1446","og_site_name":"Za\u0161tita Jurenec","article_modified_time":"2024-09-04T12:20:09+00:00","og_image":[{"url":"http:\/\/zastita-jurenec.amondi.dev\/wp-content\/uploads\/2024\/09\/Sigurnost.webp","type":"","width":"","height":""}],"twitter_card":"summary_large_image","twitter_misc":{"Est. reading time":"2 minutes"},"schema":{"@context":"https:\/\/schema.org","@graph":[{"@type":"WebPage","@id":"https:\/\/zastita-jurenec.hr\/?page_id=1446","url":"https:\/\/zastita-jurenec.hr\/?page_id=1446","name":"Na\u0161e vrijednosti - Za\u0161tita Jurenec","isPartOf":{"@id":"https:\/\/zastita-jurenec.hr\/#website"},"primaryImageOfPage":{"@id":"https:\/\/zastita-jurenec.hr\/?page_id=1446#primaryimage"},"image":{"@id":"https:\/\/zastita-jurenec.hr\/?page_id=1446#primaryimage"},"thumbnailUrl":"http:\/\/zastita-jurenec.amondi.dev\/wp-content\/uploads\/2024\/09\/Sigurnost.webp","datePublished":"2024-09-03T12:58:20+00:00","dateModified":"2024-09-04T12:20:09+00:00","breadcrumb":{"@id":"https:\/\/zastita-jurenec.hr\/?page_id=1446#breadcrumb"},"inLanguage":"en-US","potentialAction":[{"@type":"ReadAction","target":["https:\/\/zastita-jurenec.hr\/?page_id=1446"]}]},{"@type":"ImageObject","inLanguage":"en-US","@id":"https:\/\/zastita-jurenec.hr\/?page_id=1446#primaryimage","url":"http:\/\/zastita-jurenec.amondi.dev\/wp-content\/uploads\/2024\/09\/Sigurnost.webp","contentUrl":"http:\/\/zastita-jurenec.amondi.dev\/wp-content\/uploads\/2024\/09\/Sigurnost.webp"},{"@type":"BreadcrumbList","@id":"https:\/\/zastita-jurenec.hr\/?page_id=1446#breadcrumb","itemListElement":[{"@type":"ListItem","position":1,"name":"Home","item":"https:\/\/zastita-jurenec.hr\/"},{"@type":"ListItem","position":2,"name":"Na\u0161e vrijednosti"}]},{"@type":"WebSite","@id":"https:\/\/zastita-jurenec.hr\/#website","url":"https:\/\/zastita-jurenec.hr\/","name":"Za\u0161tita Jurenec","description":"","publisher":{"@id":"https:\/\/zastita-jurenec.hr\/#organization"},"potentialAction":[{"@type":"SearchAction","target":{"@type":"EntryPoint","urlTemplate":"https:\/\/zastita-jurenec.hr\/?s={search_term_string}"},"query-input":{"@type":"PropertyValueSpecification","valueRequired":true,"valueName":"search_term_string"}}],"inLanguage":"en-US"},{"@type":"Organization","@id":"https:\/\/zastita-jurenec.hr\/#organization","name":"Za\u0161tita Jurenec","url":"https:\/\/zastita-jurenec.hr\/","logo":{"@type":"ImageObject","inLanguage":"en-US","@id":"https:\/\/zastita-jurenec.hr\/#\/schema\/logo\/image\/","url":"https:\/\/zastita-jurenec.hr\/wp-content\/uploads\/2024\/08\/Jurenec-logo-positive.svg","contentUrl":"https:\/\/zastita-jurenec.hr\/wp-content\/uploads\/2024\/08\/Jurenec-logo-positive.svg","width":96,"height":156,"caption":"Za\u0161tita Jurenec"},"image":{"@id":"https:\/\/zastita-jurenec.hr\/#\/schema\/logo\/image\/"}}]}},"_links":{"self":[{"href":"https:\/\/zastita-jurenec.hr\/index.php?rest_route=\/wp\/v2\/pages\/1446","targetHints":{"allow":["GET"]}}],"collection":[{"href":"https:\/\/zastita-jurenec.hr\/index.php?rest_route=\/wp\/v2\/pages"}],"about":[{"href":"https:\/\/zastita-jurenec.hr\/index.php?rest_route=\/wp\/v2\/types\/page"}],"author":[{"embeddable":true,"href":"https:\/\/zastita-jurenec.hr\/index.php?rest_route=\/wp\/v2\/users\/1"}],"replies":[{"embeddable":true,"href":"https:\/\/zastita-jurenec.hr\/index.php?rest_route=%2Fwp%2Fv2%2Fcomments&post=1446"}],"version-history":[{"count":46,"href":"https:\/\/zastita-jurenec.hr\/index.php?rest_route=\/wp\/v2\/pages\/1446\/revisions"}],"predecessor-version":[{"id":1775,"href":"https:\/\/zastita-jurenec.hr\/index.php?rest_route=\/wp\/v2\/pages\/1446\/revisions\/1775"}],"wp:attachment":[{"href":"https:\/\/zastita-jurenec.hr\/index.php?rest_route=%2Fwp%2Fv2%2Fmedia&parent=1446"}],"curies":[{"name":"wp","href":"https:\/\/api.w.org\/{rel}","templated":true}]}}