{"id":1348,"date":"2024-09-03T10:50:58","date_gmt":"2024-09-03T10:50:58","guid":{"rendered":"https:\/\/zastita-jurenec.amondi.dev\/?page_id=1348"},"modified":"2024-10-18T11:24:12","modified_gmt":"2024-10-18T11:24:12","slug":"kontakt","status":"publish","type":"page","link":"https:\/\/zastita-jurenec.hr\/?page_id=1348","title":{"rendered":"Kontakt"},"content":{"rendered":"\t\t<div data-elementor-type=\"wp-page\" data-elementor-id=\"1348\" class=\"elementor elementor-1348\" data-elementor-post-type=\"page\">\n\t\t\t\t<div class=\"elementor-element elementor-element-f65745f elementor-hidden-tablet elementor-hidden-mobile e-flex e-con-boxed e-con e-parent\" data-id=\"f65745f\" data-element_type=\"container\" data-settings=\"{&quot;background_background&quot;:&quot;classic&quot;}\">\n\t\t\t\t\t<div class=\"e-con-inner\">\n\t\t<div class=\"elementor-element elementor-element-a5178c7 e-con-full e-flex e-con e-child\" data-id=\"a5178c7\" data-element_type=\"container\">\n\t\t<div class=\"elementor-element elementor-element-d618ad0 e-con-full e-flex e-con e-child\" data-id=\"d618ad0\" data-element_type=\"container\">\n\t\t\t\t<div class=\"elementor-element elementor-element-43b1a86 elementor-widget elementor-widget-heading\" data-id=\"43b1a86\" data-element_type=\"widget\" data-widget_type=\"heading.default\">\n\t\t\t\t<div class=\"elementor-widget-container\">\n\t\t\t<h3 class=\"elementor-heading-title elementor-size-default\">Kontaktirajte nas<\/h3>\t\t<\/div>\n\t\t\t\t<\/div>\n\t\t\t\t<\/div>\n\t\t<div class=\"elementor-element elementor-element-e5932ce e-con-full e-flex e-con e-child\" data-id=\"e5932ce\" data-element_type=\"container\">\n\t\t\t\t<div class=\"elementor-element elementor-element-6ad78b9 elementor-widget elementor-widget-text-editor\" data-id=\"6ad78b9\" data-element_type=\"widget\" data-widget_type=\"text-editor.default\">\n\t\t\t\t<div class=\"elementor-widget-container\">\n\t\t\t\t\t\t\t<p>Slobodni smo vam ponuditi najbolje rje\u0161enje koje \u0107e zadovoljiti va\u0161e potrebe i osigurati va\u0161u imovinu, kao i vas osobno. Uvijek smo na raspolaganju za va\u0161e upite i radujemo se prilici da vam pru\u017eimo na\u0161u vrhunsku za\u0161titu.<\/p>\t\t\t\t\t\t<\/div>\n\t\t\t\t<\/div>\n\t\t\t\t<\/div>\n\t\t\t\t<\/div>\n\t\t<div class=\"elementor-element elementor-element-c2875e9 e-con-full e-flex e-con e-child\" data-id=\"c2875e9\" data-element_type=\"container\">\n\t\t<a class=\"elementor-element elementor-element-f11fa5b e-con-full e-flex e-con e-child\" data-id=\"f11fa5b\" data-element_type=\"container\" href=\"https:\/\/maps.app.goo.gl\/31sDSAFkxAR1f5GX8\" target=\"_blank\">\n\t\t\t\t<div class=\"elementor-element elementor-element-2f864b6 elementor-view-default elementor-widget elementor-widget-icon\" data-id=\"2f864b6\" data-element_type=\"widget\" data-widget_type=\"icon.default\">\n\t\t\t\t<div class=\"elementor-widget-container\">\n\t\t\t\t\t<div class=\"elementor-icon-wrapper\">\n\t\t\t<div class=\"elementor-icon\">\n\t\t\t<svg xmlns=\"http:\/\/www.w3.org\/2000\/svg\" width=\"24\" height=\"24\" viewBox=\"0 0 24 24\" fill=\"none\"><path d=\"M12 20.9L16.95 15.95C17.9289 14.971 18.5955 13.7237 18.8656 12.3659C19.1356 11.008 18.9969 9.60058 18.4671 8.32154C17.9373 7.0425 17.04 5.94929 15.8889 5.18015C14.7378 4.41101 13.3844 4.00049 12 4.00049C10.6156 4.00049 9.26222 4.41101 8.11109 5.18015C6.95996 5.94929 6.06275 7.0425 5.53292 8.32154C5.00308 9.60058 4.86442 11.008 5.13445 12.3659C5.40449 13.7237 6.07111 14.971 7.05 15.95L12 20.9ZM12 23.728L5.636 17.364C4.37734 16.1053 3.52019 14.5017 3.17293 12.7558C2.82567 11.01 3.00391 9.20041 3.6851 7.55588C4.36629 5.91136 5.51984 4.50575 6.99988 3.51683C8.47992 2.5279 10.22 2.00006 12 2.00006C13.78 2.00006 15.5201 2.5279 17.0001 3.51683C18.4802 4.50575 19.6337 5.91136 20.3149 7.55588C20.9961 9.20041 21.1743 11.01 20.8271 12.7558C20.4798 14.5017 19.6227 16.1053 18.364 17.364L12 23.728ZM12 13C12.5304 13 13.0391 12.7893 13.4142 12.4142C13.7893 12.0391 14 11.5304 14 11C14 10.4696 13.7893 9.96084 13.4142 9.58577C13.0391 9.2107 12.5304 8.99998 12 8.99998C11.4696 8.99998 10.9609 9.2107 10.5858 9.58577C10.2107 9.96084 10 10.4696 10 11C10 11.5304 10.2107 12.0391 10.5858 12.4142C10.9609 12.7893 11.4696 13 12 13ZM12 15C10.9391 15 9.92172 14.5786 9.17158 13.8284C8.42143 13.0783 8 12.0608 8 11C8 9.93912 8.42143 8.9217 9.17158 8.17156C9.92172 7.42141 10.9391 6.99998 12 6.99998C13.0609 6.99998 14.0783 7.42141 14.8284 8.17156C15.5786 8.9217 16 9.93912 16 11C16 12.0608 15.5786 13.0783 14.8284 13.8284C14.0783 14.5786 13.0609 15 12 15Z\" fill=\"#D3434D\"><\/path><\/svg>\t\t\t<\/div>\n\t\t<\/div>\n\t\t\t\t<\/div>\n\t\t\t\t<\/div>\n\t\t\t\t<div class=\"elementor-element elementor-element-7772c72 elementor-widget elementor-widget-heading\" data-id=\"7772c72\" data-element_type=\"widget\" data-widget_type=\"heading.default\">\n\t\t\t\t<div class=\"elementor-widget-container\">\n\t\t\t<h6 class=\"elementor-heading-title elementor-size-default\">Frana Galovi\u0107a 10, 48000 Koprivnica<\/h6>\t\t<\/div>\n\t\t\t\t<\/div>\n\t\t\t\t<div class=\"elementor-element elementor-element-92e60e7 elementor-view-default elementor-widget elementor-widget-icon\" data-id=\"92e60e7\" data-element_type=\"widget\" data-widget_type=\"icon.default\">\n\t\t\t\t<div class=\"elementor-widget-container\">\n\t\t\t\t\t<div class=\"elementor-icon-wrapper\">\n\t\t\t<div class=\"elementor-icon\">\n\t\t\t<svg xmlns=\"http:\/\/www.w3.org\/2000\/svg\" width=\"24\" height=\"24\" viewBox=\"0 0 24 24\" fill=\"none\"><path d=\"M16.172 11L10.808 5.636L12.222 4.222L20 12L12.222 19.778L10.808 18.364L16.172 13H4V11H16.172Z\" fill=\"#C6C8CC\"><\/path><\/svg>\t\t\t<\/div>\n\t\t<\/div>\n\t\t\t\t<\/div>\n\t\t\t\t<\/div>\n\t\t\t\t<\/a>\n\t\t\t\t<\/div>\n\t\t\t\t\t<\/div>\n\t\t\t\t<\/div>\n\t\t<div class=\"elementor-element elementor-element-ac05813 elementor-hidden-widescreen elementor-hidden-desktop elementor-hidden-laptop e-flex e-con-boxed e-con e-parent\" data-id=\"ac05813\" data-element_type=\"container\" data-settings=\"{&quot;background_background&quot;:&quot;classic&quot;}\">\n\t\t\t\t\t<div class=\"e-con-inner\">\n\t\t\t\t<div class=\"elementor-element elementor-element-abfc09d elementor-widget elementor-widget-image\" data-id=\"abfc09d\" data-element_type=\"widget\" data-widget_type=\"image.default\">\n\t\t\t\t<div class=\"elementor-widget-container\">\n\t\t\t\t\t\t\t\t\t\t\t\t\t<img fetchpriority=\"high\" decoding=\"async\" width=\"800\" height=\"316\" src=\"https:\/\/zastita-jurenec.hr\/wp-content\/uploads\/2024\/09\/Hero11-1024x405.webp\" class=\"attachment-large size-large wp-image-1350\" alt=\"\" srcset=\"https:\/\/zastita-jurenec.hr\/wp-content\/uploads\/2024\/09\/Hero11-1024x405.webp 1024w, https:\/\/zastita-jurenec.hr\/wp-content\/uploads\/2024\/09\/Hero11-300x119.webp 300w, https:\/\/zastita-jurenec.hr\/wp-content\/uploads\/2024\/09\/Hero11-768x304.webp 768w, https:\/\/zastita-jurenec.hr\/wp-content\/uploads\/2024\/09\/Hero11-1536x608.webp 1536w, https:\/\/zastita-jurenec.hr\/wp-content\/uploads\/2024\/09\/Hero11.webp 1920w\" sizes=\"(max-width: 800px) 100vw, 800px\" \/>\t\t\t\t\t\t\t\t\t\t\t\t\t<\/div>\n\t\t\t\t<\/div>\n\t\t<div class=\"elementor-element elementor-element-f4b923e e-con-full e-flex e-con e-child\" data-id=\"f4b923e\" data-element_type=\"container\" data-settings=\"{&quot;background_background&quot;:&quot;classic&quot;}\">\n\t\t<div class=\"elementor-element elementor-element-63b4707 e-con-full e-flex e-con e-child\" data-id=\"63b4707\" data-element_type=\"container\">\n\t\t\t\t<div class=\"elementor-element elementor-element-36300b4 elementor-widget elementor-widget-heading\" data-id=\"36300b4\" data-element_type=\"widget\" data-widget_type=\"heading.default\">\n\t\t\t\t<div class=\"elementor-widget-container\">\n\t\t\t<h3 class=\"elementor-heading-title elementor-size-default\">Kontaktirajte nas<\/h3>\t\t<\/div>\n\t\t\t\t<\/div>\n\t\t\t\t<\/div>\n\t\t<div class=\"elementor-element elementor-element-d4718b0 e-con-full e-flex e-con e-child\" data-id=\"d4718b0\" data-element_type=\"container\">\n\t\t\t\t<div class=\"elementor-element elementor-element-acb91c9 elementor-widget elementor-widget-text-editor\" data-id=\"acb91c9\" data-element_type=\"widget\" data-widget_type=\"text-editor.default\">\n\t\t\t\t<div class=\"elementor-widget-container\">\n\t\t\t\t\t\t\t<p>Slobodni smo vam ponuditi najbolje rje\u0161enje koje \u0107e zadovoljiti va\u0161e potrebe i osigurati va\u0161u imovinu, kao i vas osobno. Uvijek smo na raspolaganju za va\u0161e upite i radujemo se prilici da vam pru\u017eimo na\u0161u vrhunsku za\u0161titu.<\/p>\t\t\t\t\t\t<\/div>\n\t\t\t\t<\/div>\n\t\t\t\t<\/div>\n\t\t\t\t<\/div>\n\t\t<div class=\"elementor-element elementor-element-eab6cb2 e-con-full e-flex e-con e-child\" data-id=\"eab6cb2\" data-element_type=\"container\">\n\t\t\t\t<div class=\"elementor-element elementor-element-a33cc1c ghost-button arrow-button elementor-widget elementor-widget-button\" data-id=\"a33cc1c\" data-element_type=\"widget\" data-widget_type=\"button.default\">\n\t\t\t\t<div class=\"elementor-widget-container\">\n\t\t\t\t\t<div class=\"elementor-button-wrapper\">\n\t\t\t<a class=\"elementor-button elementor-button-link elementor-size-sm\" href=\"#first-section\">\n\t\t\t\t\t\t<span class=\"elementor-button-content-wrapper\">\n\t\t\t\t\t\t<span class=\"elementor-button-icon\">\n\t\t\t\t<svg xmlns=\"http:\/\/www.w3.org\/2000\/svg\" width=\"24\" height=\"24\" viewBox=\"0 0 24 24\" fill=\"none\"><path d=\"M16.172 11L10.808 5.636L12.222 4.222L20 12L12.222 19.778L10.808 18.364L16.172 13H4V11H16.172Z\" fill=\"#C6C8CC\"><\/path><\/svg>\t\t\t<\/span>\n\t\t\t\t\t\t\t\t<\/span>\n\t\t\t\t\t<\/a>\n\t\t<\/div>\n\t\t\t\t<\/div>\n\t\t\t\t<\/div>\n\t\t\t\t<\/div>\n\t\t\t\t\t<\/div>\n\t\t\t\t<\/div>\n\t\t<div class=\"elementor-element elementor-element-bb755d5 e-flex e-con-boxed e-con e-parent\" data-id=\"bb755d5\" data-element_type=\"container\" id=\"first-section\">\n\t\t\t\t\t<div class=\"e-con-inner\">\n\t\t<div class=\"elementor-element elementor-element-85d365e e-con-full e-flex e-con e-child\" data-id=\"85d365e\" data-element_type=\"container\">\n\t\t\t\t<div class=\"elementor-element elementor-element-564a4cc elementor-widget elementor-widget-heading\" data-id=\"564a4cc\" data-element_type=\"widget\" data-widget_type=\"heading.default\">\n\t\t\t\t<div class=\"elementor-widget-container\">\n\t\t\t<h2 class=\"elementor-heading-title elementor-size-default\">Po\u0161aljite nam poruku<\/h2>\t\t<\/div>\n\t\t\t\t<\/div>\n\t\t\t\t<div class=\"elementor-element elementor-element-9e8e04d elementor-button-align-start elementor-mobile-button-align-center elementor-widget elementor-widget-form\" data-id=\"9e8e04d\" data-element_type=\"widget\" data-settings=\"{&quot;step_next_label&quot;:&quot;Next&quot;,&quot;step_previous_label&quot;:&quot;Previous&quot;,&quot;button_width&quot;:&quot;100&quot;,&quot;step_type&quot;:&quot;number_text&quot;,&quot;step_icon_shape&quot;:&quot;circle&quot;}\" data-widget_type=\"form.default\">\n\t\t\t\t<div class=\"elementor-widget-container\">\n\t\t\t\t\t<form class=\"elementor-form\" method=\"post\" name=\"Contact form\" novalidate=\"\">\n\t\t\t<input type=\"hidden\" name=\"post_id\" value=\"1348\"\/>\n\t\t\t<input type=\"hidden\" name=\"form_id\" value=\"9e8e04d\"\/>\n\t\t\t<input type=\"hidden\" name=\"referer_title\" value=\"Kontakt - Za\u0161tita Jurenec\" \/>\n\n\t\t\t\t\t\t\t<input type=\"hidden\" name=\"queried_id\" value=\"1348\"\/>\n\t\t\t\n\t\t\t<div class=\"elementor-form-fields-wrapper elementor-labels-\">\n\t\t\t\t\t\t\t\t<div class=\"elementor-field-type-text elementor-field-group elementor-column elementor-field-group-Ime elementor-col-50 elementor-field-required\">\n\t\t\t\t\t\t\t\t\t\t\t\t<label for=\"form-field-Ime\" class=\"elementor-field-label elementor-screen-only\">\n\t\t\t\t\t\t\t\tIme\t\t\t\t\t\t\t<\/label>\n\t\t\t\t\t\t\t\t\t\t\t\t\t\t<input size=\"1\" type=\"text\" name=\"form_fields[Ime]\" id=\"form-field-Ime\" class=\"elementor-field elementor-size-md  elementor-field-textual\" placeholder=\"Ime*\" required=\"required\" aria-required=\"true\">\n\t\t\t\t\t\t\t\t\t\t\t<\/div>\n\t\t\t\t\t\t\t\t<div class=\"elementor-field-type-text elementor-field-group elementor-column elementor-field-group-Prezime elementor-col-50 elementor-field-required\">\n\t\t\t\t\t\t\t\t\t\t\t\t<label for=\"form-field-Prezime\" class=\"elementor-field-label elementor-screen-only\">\n\t\t\t\t\t\t\t\tPrezime\t\t\t\t\t\t\t<\/label>\n\t\t\t\t\t\t\t\t\t\t\t\t\t\t<input size=\"1\" type=\"text\" name=\"form_fields[Prezime]\" id=\"form-field-Prezime\" class=\"elementor-field elementor-size-md  elementor-field-textual\" placeholder=\"Prezime*\" required=\"required\" aria-required=\"true\">\n\t\t\t\t\t\t\t\t\t\t\t<\/div>\n\t\t\t\t\t\t\t\t<div class=\"elementor-field-type-email elementor-field-group elementor-column elementor-field-group-Email elementor-col-50 elementor-field-required\">\n\t\t\t\t\t\t\t\t\t\t\t\t<label for=\"form-field-Email\" class=\"elementor-field-label elementor-screen-only\">\n\t\t\t\t\t\t\t\tEmail\t\t\t\t\t\t\t<\/label>\n\t\t\t\t\t\t\t\t\t\t\t\t\t\t<input size=\"1\" type=\"email\" name=\"form_fields[Email]\" id=\"form-field-Email\" class=\"elementor-field elementor-size-md  elementor-field-textual\" placeholder=\"Email adresa*\" required=\"required\" aria-required=\"true\">\n\t\t\t\t\t\t\t\t\t\t\t<\/div>\n\t\t\t\t\t\t\t\t<div class=\"elementor-field-type-tel elementor-field-group elementor-column elementor-field-group-Telefon elementor-col-50 elementor-field-required\">\n\t\t\t\t\t\t\t\t\t\t\t\t<label for=\"form-field-Telefon\" class=\"elementor-field-label elementor-screen-only\">\n\t\t\t\t\t\t\t\tTelefon\t\t\t\t\t\t\t<\/label>\n\t\t\t\t\t\t\t\t<input size=\"1\" type=\"tel\" name=\"form_fields[Telefon]\" id=\"form-field-Telefon\" class=\"elementor-field elementor-size-md  elementor-field-textual\" placeholder=\"Telefon*\" required=\"required\" aria-required=\"true\" pattern=\"[0-9()#&amp;+*-=.]+\" title=\"Only numbers and phone characters (#, -, *, etc) are accepted.\">\n\n\t\t\t\t\t\t<\/div>\n\t\t\t\t\t\t\t\t<div class=\"elementor-field-type-html elementor-field-group elementor-column elementor-field-group-field_2b09262 elementor-col-100\">\n\t\t\t\t\t<span class=\"contact-form-subtitle\">ODABERITE USLUGU<\/span>\t\t\t\t<\/div>\n\t\t\t\t\t\t\t\t<div class=\"elementor-field-type-checkbox elementor-field-group elementor-column elementor-field-group-Odabrana_usluga elementor-col-100\">\n\t\t\t\t\t\t\t\t\t\t\t\t<label for=\"form-field-Odabrana_usluga\" class=\"elementor-field-label elementor-screen-only\">\n\t\t\t\t\t\t\t\tUsluga\t\t\t\t\t\t\t<\/label>\n\t\t\t\t\t\t<div class=\"elementor-field-subgroup  \"><span class=\"elementor-field-option\"><input type=\"checkbox\" value=\"Tehni\u010dka za\u0161tita\" id=\"form-field-Odabrana_usluga-0\" name=\"form_fields[Odabrana_usluga][]\"> <label for=\"form-field-Odabrana_usluga-0\">Tehni\u010dka za\u0161tita<\/label><\/span><span class=\"elementor-field-option\"><input type=\"checkbox\" value=\"Za\u0161tita osoba i imovine\" id=\"form-field-Odabrana_usluga-1\" name=\"form_fields[Odabrana_usluga][]\"> <label for=\"form-field-Odabrana_usluga-1\">Za\u0161tita osoba i imovine<\/label><\/span><span class=\"elementor-field-option\"><input type=\"checkbox\" value=\"Dojavni centar\" id=\"form-field-Odabrana_usluga-2\" name=\"form_fields[Odabrana_usluga][]\"> <label for=\"form-field-Odabrana_usluga-2\">Dojavni centar<\/label><\/span><span class=\"elementor-field-option\"><input type=\"checkbox\" value=\"Tjelesna za\u0161tita\" id=\"form-field-Odabrana_usluga-3\" name=\"form_fields[Odabrana_usluga][]\"> <label for=\"form-field-Odabrana_usluga-3\">Tjelesna za\u0161tita<\/label><\/span><\/div>\t\t\t\t<\/div>\n\t\t\t\t\t\t\t\t<div class=\"elementor-field-type-textarea elementor-field-group elementor-column elementor-field-group-Poruka elementor-col-100\">\n\t\t\t\t\t\t\t\t\t\t\t\t<label for=\"form-field-Poruka\" class=\"elementor-field-label elementor-screen-only\">\n\t\t\t\t\t\t\t\tPoruka\t\t\t\t\t\t\t<\/label>\n\t\t\t\t\t\t<textarea class=\"elementor-field-textual elementor-field  elementor-size-md\" name=\"form_fields[Poruka]\" id=\"form-field-Poruka\" rows=\"4\" placeholder=\"Poruka\"><\/textarea>\t\t\t\t<\/div>\n\t\t\t\t\t\t\t\t<div class=\"elementor-field-type-recaptcha_v3 elementor-field-group elementor-column elementor-field-group-field_0c38d5f elementor-col-100 recaptcha_v3-bottomright\">\n\t\t\t\t\t<div class=\"elementor-field\" id=\"form-field-field_0c38d5f\"><div class=\"elementor-g-recaptcha\" data-sitekey=\"6LeZFmUqAAAAAM7TXMmsDaLgFnhD-zYmvW8rwMVF\" data-type=\"v3\" data-action=\"Form\" data-badge=\"bottomright\" data-size=\"invisible\"><\/div><\/div>\t\t\t\t<\/div>\n\t\t\t\t\t\t\t\t<div class=\"elementor-field-group elementor-column elementor-field-type-submit elementor-col-100 e-form__buttons\">\n\t\t\t\t\t<button class=\"elementor-button elementor-size-sm\" type=\"submit\" id=\"contact-form-submit-button\">\n\t\t\t\t\t\t<span class=\"elementor-button-content-wrapper\">\n\t\t\t\t\t\t\t\t\t\t\t\t\t\t\t<span class=\"elementor-button-icon\">\n\t\t\t\t\t\t\t\t\t<svg xmlns=\"http:\/\/www.w3.org\/2000\/svg\" width=\"24\" height=\"24\" viewBox=\"0 0 24 24\" fill=\"none\"><path d=\"M16.172 11L10.808 5.636L12.222 4.222L20 12L12.222 19.778L10.808 18.364L16.172 13H4V11H16.172Z\" fill=\"#C6C8CC\"><\/path><\/svg>\t\t\t\t\t\t\t\t\t\t\t\t\t\t\t\t\t<\/span>\n\t\t\t\t\t\t\t\t\t\t\t\t\t\t\t\t\t\t\t\t\t\t<span class=\"elementor-button-text\">PO\u0160ALJITE PORUKU<\/span>\n\t\t\t\t\t\t\t\t\t\t\t\t\t<\/span>\n\t\t\t\t\t<\/button>\n\t\t\t\t<\/div>\n\t\t\t<\/div>\n\t\t<\/form>\n\t\t\t\t<\/div>\n\t\t\t\t<\/div>\n\t\t\t\t<\/div>\n\t\t\t\t\t<\/div>\n\t\t\t\t<\/div>\n\t\t\t\t<\/div>\n\t\t","protected":false},"excerpt":{"rendered":"<p>Kontaktirajte nas Slobodni smo vam ponuditi najbolje rje\u0161enje koje \u0107e zadovoljiti va\u0161e potrebe i osigurati va\u0161u imovinu, kao i vas osobno. Uvijek smo na raspolaganju za va\u0161e upite i radujemo se prilici da vam pru\u017eimo na\u0161u vrhunsku za\u0161titu. Frana Galovi\u0107a 10, 48000 Koprivnica Kontaktirajte nas Slobodni smo vam ponuditi najbolje rje\u0161enje koje \u0107e zadovoljiti va\u0161e [&hellip;]<\/p>\n","protected":false},"author":1,"featured_media":0,"parent":0,"menu_order":0,"comment_status":"closed","ping_status":"closed","template":"","meta":{"inline_featured_image":false,"footnotes":""},"class_list":["post-1348","page","type-page","status-publish","hentry"],"yoast_head":"<!-- This site is optimized with the Yoast SEO plugin v27.4 - https:\/\/yoast.com\/product\/yoast-seo-wordpress\/ -->\n<title>Kontakt - Za\u0161tita Jurenec<\/title>\n<meta name=\"robots\" content=\"index, follow, max-snippet:-1, max-image-preview:large, max-video-preview:-1\" \/>\n<link rel=\"canonical\" href=\"https:\/\/zastita-jurenec.hr\/?page_id=1348\" \/>\n<meta property=\"og:locale\" content=\"en_US\" \/>\n<meta property=\"og:type\" content=\"article\" \/>\n<meta property=\"og:title\" content=\"Kontakt - Za\u0161tita Jurenec\" \/>\n<meta property=\"og:description\" content=\"Kontaktirajte nas Slobodni smo vam ponuditi najbolje rje\u0161enje koje \u0107e zadovoljiti va\u0161e potrebe i osigurati va\u0161u imovinu, kao i vas osobno. Uvijek smo na raspolaganju za va\u0161e upite i radujemo se prilici da vam pru\u017eimo na\u0161u vrhunsku za\u0161titu. Frana Galovi\u0107a 10, 48000 Koprivnica Kontaktirajte nas Slobodni smo vam ponuditi najbolje rje\u0161enje koje \u0107e zadovoljiti va\u0161e [&hellip;]\" \/>\n<meta property=\"og:url\" content=\"https:\/\/zastita-jurenec.hr\/?page_id=1348\" \/>\n<meta property=\"og:site_name\" content=\"Za\u0161tita Jurenec\" \/>\n<meta property=\"article:modified_time\" content=\"2024-10-18T11:24:12+00:00\" \/>\n<meta property=\"og:image\" content=\"https:\/\/zastita-jurenec.hr\/wp-content\/uploads\/2024\/09\/Hero11-1024x405.webp\" \/>\n<meta name=\"twitter:card\" content=\"summary_large_image\" \/>\n<meta name=\"twitter:label1\" content=\"Est. reading time\" \/>\n\t<meta name=\"twitter:data1\" content=\"1 minute\" \/>\n<script type=\"application\/ld+json\" class=\"yoast-schema-graph\">{\"@context\":\"https:\\\/\\\/schema.org\",\"@graph\":[{\"@type\":\"WebPage\",\"@id\":\"https:\\\/\\\/zastita-jurenec.hr\\\/?page_id=1348\",\"url\":\"https:\\\/\\\/zastita-jurenec.hr\\\/?page_id=1348\",\"name\":\"Kontakt - Za\u0161tita Jurenec\",\"isPartOf\":{\"@id\":\"https:\\\/\\\/zastita-jurenec.hr\\\/#website\"},\"primaryImageOfPage\":{\"@id\":\"https:\\\/\\\/zastita-jurenec.hr\\\/?page_id=1348#primaryimage\"},\"image\":{\"@id\":\"https:\\\/\\\/zastita-jurenec.hr\\\/?page_id=1348#primaryimage\"},\"thumbnailUrl\":\"https:\\\/\\\/zastita-jurenec.hr\\\/wp-content\\\/uploads\\\/2024\\\/09\\\/Hero11-1024x405.webp\",\"datePublished\":\"2024-09-03T10:50:58+00:00\",\"dateModified\":\"2024-10-18T11:24:12+00:00\",\"breadcrumb\":{\"@id\":\"https:\\\/\\\/zastita-jurenec.hr\\\/?page_id=1348#breadcrumb\"},\"inLanguage\":\"en-US\",\"potentialAction\":[{\"@type\":\"ReadAction\",\"target\":[\"https:\\\/\\\/zastita-jurenec.hr\\\/?page_id=1348\"]}]},{\"@type\":\"ImageObject\",\"inLanguage\":\"en-US\",\"@id\":\"https:\\\/\\\/zastita-jurenec.hr\\\/?page_id=1348#primaryimage\",\"url\":\"https:\\\/\\\/zastita-jurenec.hr\\\/wp-content\\\/uploads\\\/2024\\\/09\\\/Hero11.webp\",\"contentUrl\":\"https:\\\/\\\/zastita-jurenec.hr\\\/wp-content\\\/uploads\\\/2024\\\/09\\\/Hero11.webp\",\"width\":1920,\"height\":760},{\"@type\":\"BreadcrumbList\",\"@id\":\"https:\\\/\\\/zastita-jurenec.hr\\\/?page_id=1348#breadcrumb\",\"itemListElement\":[{\"@type\":\"ListItem\",\"position\":1,\"name\":\"Home\",\"item\":\"https:\\\/\\\/zastita-jurenec.hr\\\/\"},{\"@type\":\"ListItem\",\"position\":2,\"name\":\"Kontakt\"}]},{\"@type\":\"WebSite\",\"@id\":\"https:\\\/\\\/zastita-jurenec.hr\\\/#website\",\"url\":\"https:\\\/\\\/zastita-jurenec.hr\\\/\",\"name\":\"Za\u0161tita Jurenec\",\"description\":\"\",\"publisher\":{\"@id\":\"https:\\\/\\\/zastita-jurenec.hr\\\/#organization\"},\"potentialAction\":[{\"@type\":\"SearchAction\",\"target\":{\"@type\":\"EntryPoint\",\"urlTemplate\":\"https:\\\/\\\/zastita-jurenec.hr\\\/?s={search_term_string}\"},\"query-input\":{\"@type\":\"PropertyValueSpecification\",\"valueRequired\":true,\"valueName\":\"search_term_string\"}}],\"inLanguage\":\"en-US\"},{\"@type\":\"Organization\",\"@id\":\"https:\\\/\\\/zastita-jurenec.hr\\\/#organization\",\"name\":\"Za\u0161tita Jurenec\",\"url\":\"https:\\\/\\\/zastita-jurenec.hr\\\/\",\"logo\":{\"@type\":\"ImageObject\",\"inLanguage\":\"en-US\",\"@id\":\"https:\\\/\\\/zastita-jurenec.hr\\\/#\\\/schema\\\/logo\\\/image\\\/\",\"url\":\"https:\\\/\\\/zastita-jurenec.hr\\\/wp-content\\\/uploads\\\/2024\\\/08\\\/Jurenec-logo-positive.svg\",\"contentUrl\":\"https:\\\/\\\/zastita-jurenec.hr\\\/wp-content\\\/uploads\\\/2024\\\/08\\\/Jurenec-logo-positive.svg\",\"width\":96,\"height\":156,\"caption\":\"Za\u0161tita Jurenec\"},\"image\":{\"@id\":\"https:\\\/\\\/zastita-jurenec.hr\\\/#\\\/schema\\\/logo\\\/image\\\/\"}}]}<\/script>\n<!-- \/ Yoast SEO plugin. -->","yoast_head_json":{"title":"Kontakt - Za\u0161tita Jurenec","robots":{"index":"index","follow":"follow","max-snippet":"max-snippet:-1","max-image-preview":"max-image-preview:large","max-video-preview":"max-video-preview:-1"},"canonical":"https:\/\/zastita-jurenec.hr\/?page_id=1348","og_locale":"en_US","og_type":"article","og_title":"Kontakt - Za\u0161tita Jurenec","og_description":"Kontaktirajte nas Slobodni smo vam ponuditi najbolje rje\u0161enje koje \u0107e zadovoljiti va\u0161e potrebe i osigurati va\u0161u imovinu, kao i vas osobno. Uvijek smo na raspolaganju za va\u0161e upite i radujemo se prilici da vam pru\u017eimo na\u0161u vrhunsku za\u0161titu. Frana Galovi\u0107a 10, 48000 Koprivnica Kontaktirajte nas Slobodni smo vam ponuditi najbolje rje\u0161enje koje \u0107e zadovoljiti va\u0161e [&hellip;]","og_url":"https:\/\/zastita-jurenec.hr\/?page_id=1348","og_site_name":"Za\u0161tita Jurenec","article_modified_time":"2024-10-18T11:24:12+00:00","og_image":[{"url":"https:\/\/zastita-jurenec.hr\/wp-content\/uploads\/2024\/09\/Hero11-1024x405.webp","type":"","width":"","height":""}],"twitter_card":"summary_large_image","twitter_misc":{"Est. reading time":"1 minute"},"schema":{"@context":"https:\/\/schema.org","@graph":[{"@type":"WebPage","@id":"https:\/\/zastita-jurenec.hr\/?page_id=1348","url":"https:\/\/zastita-jurenec.hr\/?page_id=1348","name":"Kontakt - Za\u0161tita Jurenec","isPartOf":{"@id":"https:\/\/zastita-jurenec.hr\/#website"},"primaryImageOfPage":{"@id":"https:\/\/zastita-jurenec.hr\/?page_id=1348#primaryimage"},"image":{"@id":"https:\/\/zastita-jurenec.hr\/?page_id=1348#primaryimage"},"thumbnailUrl":"https:\/\/zastita-jurenec.hr\/wp-content\/uploads\/2024\/09\/Hero11-1024x405.webp","datePublished":"2024-09-03T10:50:58+00:00","dateModified":"2024-10-18T11:24:12+00:00","breadcrumb":{"@id":"https:\/\/zastita-jurenec.hr\/?page_id=1348#breadcrumb"},"inLanguage":"en-US","potentialAction":[{"@type":"ReadAction","target":["https:\/\/zastita-jurenec.hr\/?page_id=1348"]}]},{"@type":"ImageObject","inLanguage":"en-US","@id":"https:\/\/zastita-jurenec.hr\/?page_id=1348#primaryimage","url":"https:\/\/zastita-jurenec.hr\/wp-content\/uploads\/2024\/09\/Hero11.webp","contentUrl":"https:\/\/zastita-jurenec.hr\/wp-content\/uploads\/2024\/09\/Hero11.webp","width":1920,"height":760},{"@type":"BreadcrumbList","@id":"https:\/\/zastita-jurenec.hr\/?page_id=1348#breadcrumb","itemListElement":[{"@type":"ListItem","position":1,"name":"Home","item":"https:\/\/zastita-jurenec.hr\/"},{"@type":"ListItem","position":2,"name":"Kontakt"}]},{"@type":"WebSite","@id":"https:\/\/zastita-jurenec.hr\/#website","url":"https:\/\/zastita-jurenec.hr\/","name":"Za\u0161tita Jurenec","description":"","publisher":{"@id":"https:\/\/zastita-jurenec.hr\/#organization"},"potentialAction":[{"@type":"SearchAction","target":{"@type":"EntryPoint","urlTemplate":"https:\/\/zastita-jurenec.hr\/?s={search_term_string}"},"query-input":{"@type":"PropertyValueSpecification","valueRequired":true,"valueName":"search_term_string"}}],"inLanguage":"en-US"},{"@type":"Organization","@id":"https:\/\/zastita-jurenec.hr\/#organization","name":"Za\u0161tita Jurenec","url":"https:\/\/zastita-jurenec.hr\/","logo":{"@type":"ImageObject","inLanguage":"en-US","@id":"https:\/\/zastita-jurenec.hr\/#\/schema\/logo\/image\/","url":"https:\/\/zastita-jurenec.hr\/wp-content\/uploads\/2024\/08\/Jurenec-logo-positive.svg","contentUrl":"https:\/\/zastita-jurenec.hr\/wp-content\/uploads\/2024\/08\/Jurenec-logo-positive.svg","width":96,"height":156,"caption":"Za\u0161tita Jurenec"},"image":{"@id":"https:\/\/zastita-jurenec.hr\/#\/schema\/logo\/image\/"}}]}},"_links":{"self":[{"href":"https:\/\/zastita-jurenec.hr\/index.php?rest_route=\/wp\/v2\/pages\/1348","targetHints":{"allow":["GET"]}}],"collection":[{"href":"https:\/\/zastita-jurenec.hr\/index.php?rest_route=\/wp\/v2\/pages"}],"about":[{"href":"https:\/\/zastita-jurenec.hr\/index.php?rest_route=\/wp\/v2\/types\/page"}],"author":[{"embeddable":true,"href":"https:\/\/zastita-jurenec.hr\/index.php?rest_route=\/wp\/v2\/users\/1"}],"replies":[{"embeddable":true,"href":"https:\/\/zastita-jurenec.hr\/index.php?rest_route=%2Fwp%2Fv2%2Fcomments&post=1348"}],"version-history":[{"count":106,"href":"https:\/\/zastita-jurenec.hr\/index.php?rest_route=\/wp\/v2\/pages\/1348\/revisions"}],"predecessor-version":[{"id":1912,"href":"https:\/\/zastita-jurenec.hr\/index.php?rest_route=\/wp\/v2\/pages\/1348\/revisions\/1912"}],"wp:attachment":[{"href":"https:\/\/zastita-jurenec.hr\/index.php?rest_route=%2Fwp%2Fv2%2Fmedia&parent=1348"}],"curies":[{"name":"wp","href":"https:\/\/api.w.org\/{rel}","templated":true}]}}