{"id":1212,"date":"2024-09-03T08:09:33","date_gmt":"2024-09-03T08:09:33","guid":{"rendered":"https:\/\/zastita-jurenec.amondi.dev\/?page_id=1212"},"modified":"2024-09-04T10:57:25","modified_gmt":"2024-09-04T10:57:25","slug":"redarska-sluzba","status":"publish","type":"page","link":"https:\/\/zastita-jurenec.hr\/?page_id=1212","title":{"rendered":"Redarska slu\u017eba"},"content":{"rendered":"\t\t<div data-elementor-type=\"wp-page\" data-elementor-id=\"1212\" class=\"elementor elementor-1212\" data-elementor-post-type=\"page\">\n\t\t\t\t<div class=\"elementor-element elementor-element-f78623d e-flex e-con-boxed e-con e-parent\" data-id=\"f78623d\" data-element_type=\"container\" data-settings=\"{&quot;background_background&quot;:&quot;classic&quot;}\">\n\t\t\t\t\t<div class=\"e-con-inner\">\n\t\t<div class=\"elementor-element elementor-element-e6cc9cb e-con-full e-flex e-con e-child\" data-id=\"e6cc9cb\" data-element_type=\"container\">\n\t\t<div class=\"elementor-element elementor-element-5fb3dc9 e-con-full e-flex e-con e-child\" data-id=\"5fb3dc9\" data-element_type=\"container\">\n\t\t\t\t<div class=\"elementor-element elementor-element-643c5e2 elementor-widget elementor-widget-heading\" data-id=\"643c5e2\" data-element_type=\"widget\" data-widget_type=\"heading.default\">\n\t\t\t\t<div class=\"elementor-widget-container\">\n\t\t\t<h6 class=\"elementor-heading-title elementor-size-default\">Tjelesna za\u0161tita<\/h6>\t\t<\/div>\n\t\t\t\t<\/div>\n\t\t\t\t<div class=\"elementor-element elementor-element-08558f6 elementor-widget elementor-widget-heading\" data-id=\"08558f6\" data-element_type=\"widget\" data-widget_type=\"heading.default\">\n\t\t\t\t<div class=\"elementor-widget-container\">\n\t\t\t<h3 class=\"elementor-heading-title elementor-size-default\">Redarska slu\u017eba<\/h3>\t\t<\/div>\n\t\t\t\t<\/div>\n\t\t\t\t<\/div>\n\t\t<div class=\"elementor-element elementor-element-32b772c e-con-full e-flex e-con e-child\" data-id=\"32b772c\" data-element_type=\"container\">\n\t\t\t\t<div class=\"elementor-element elementor-element-4dd662e elementor-widget elementor-widget-text-editor\" data-id=\"4dd662e\" data-element_type=\"widget\" data-widget_type=\"text-editor.default\">\n\t\t\t\t<div class=\"elementor-widget-container\">\n\t\t\t\t\t\t\t<p>Na\u0161a redarska slu\u017eba osigurava sigurnost i red na javnim doga\u0111anjima, manifestacijama i okupljanjima poput koncerata i utakmica. Na\u0161i redari su visoko obu\u010deni za rukovanje velikim brojem ljudi i sprje\u010davanje incidenata.<\/p>\t\t\t\t\t\t<\/div>\n\t\t\t\t<\/div>\n\t\t\t\t<\/div>\n\t\t\t\t<\/div>\n\t\t<div class=\"elementor-element elementor-element-088dcae e-con-full e-flex e-con e-child\" data-id=\"088dcae\" data-element_type=\"container\">\n\t\t\t\t<div class=\"elementor-element elementor-element-b3bc3ad ghost-button arrow-button elementor-widget elementor-widget-button\" data-id=\"b3bc3ad\" data-element_type=\"widget\" data-widget_type=\"button.default\">\n\t\t\t\t<div class=\"elementor-widget-container\">\n\t\t\t\t\t<div class=\"elementor-button-wrapper\">\n\t\t\t<a class=\"elementor-button elementor-button-link elementor-size-sm\" href=\"#first-section\">\n\t\t\t\t\t\t<span class=\"elementor-button-content-wrapper\">\n\t\t\t\t\t\t<span class=\"elementor-button-icon\">\n\t\t\t\t<svg xmlns=\"http:\/\/www.w3.org\/2000\/svg\" width=\"24\" height=\"24\" viewBox=\"0 0 24 24\" fill=\"none\"><path d=\"M16.172 11L10.808 5.636L12.222 4.222L20 12L12.222 19.778L10.808 18.364L16.172 13H4V11H16.172Z\" fill=\"#C6C8CC\"><\/path><\/svg>\t\t\t<\/span>\n\t\t\t\t\t\t\t\t<\/span>\n\t\t\t\t\t<\/a>\n\t\t<\/div>\n\t\t\t\t<\/div>\n\t\t\t\t<\/div>\n\t\t\t\t<\/div>\n\t\t\t\t\t<\/div>\n\t\t\t\t<\/div>\n\t\t<div class=\"elementor-element elementor-element-ce33fdc e-flex e-con-boxed e-con e-parent\" data-id=\"ce33fdc\" data-element_type=\"container\" id=\"first-section\">\n\t\t\t\t\t<div class=\"e-con-inner\">\n\t\t\t\t<div class=\"elementor-element elementor-element-25ceb23 elementor-widget elementor-widget-image\" data-id=\"25ceb23\" data-element_type=\"widget\" data-widget_type=\"image.default\">\n\t\t\t\t<div class=\"elementor-widget-container\">\n\t\t\t\t\t\t\t\t\t\t\t\t\t<img fetchpriority=\"high\" decoding=\"async\" width=\"1440\" height=\"640\" src=\"https:\/\/zastita-jurenec.hr\/wp-content\/uploads\/2024\/09\/Hero8.webp\" class=\"attachment-full size-full wp-image-1214\" alt=\"\" srcset=\"https:\/\/zastita-jurenec.hr\/wp-content\/uploads\/2024\/09\/Hero8.webp 1440w, https:\/\/zastita-jurenec.hr\/wp-content\/uploads\/2024\/09\/Hero8-300x133.webp 300w, https:\/\/zastita-jurenec.hr\/wp-content\/uploads\/2024\/09\/Hero8-1024x455.webp 1024w, https:\/\/zastita-jurenec.hr\/wp-content\/uploads\/2024\/09\/Hero8-768x341.webp 768w\" sizes=\"(max-width: 1440px) 100vw, 1440px\" \/>\t\t\t\t\t\t\t\t\t\t\t\t\t<\/div>\n\t\t\t\t<\/div>\n\t\t\t\t\t<\/div>\n\t\t\t\t<\/div>\n\t\t<div class=\"elementor-element elementor-element-e2348e5 e-flex e-con-boxed e-con e-parent\" data-id=\"e2348e5\" data-element_type=\"container\">\n\t\t\t\t\t<div class=\"e-con-inner\">\n\t\t<div class=\"elementor-element elementor-element-854fdd8 e-con-full e-flex e-con e-child\" data-id=\"854fdd8\" data-element_type=\"container\">\n\t\t\t\t<div class=\"elementor-element elementor-element-d918d57 elementor-widget elementor-widget-heading\" data-id=\"d918d57\" data-element_type=\"widget\" data-widget_type=\"heading.default\">\n\t\t\t\t<div class=\"elementor-widget-container\">\n\t\t\t<h2 class=\"elementor-heading-title elementor-size-default\">Osiguravamo prisutnost na\u0161ih redara na klju\u010dnim to\u010dkama doga\u0111aja kako bismo osigurali <span style=\"text-align: var(--text-align)\">kontrolirano i sigurno okru\u017eenje za sve sudionike.<\/span><\/h2>\t\t<\/div>\n\t\t\t\t<\/div>\n\t\t\t\t<\/div>\n\t\t<div class=\"elementor-element elementor-element-77ccc85 e-con-full e-flex e-con e-child\" data-id=\"77ccc85\" data-element_type=\"container\">\n\t\t\t\t<div class=\"elementor-element elementor-element-43979fd elementor-widget elementor-widget-text-editor\" data-id=\"43979fd\" data-element_type=\"widget\" data-widget_type=\"text-editor.default\">\n\t\t\t\t<div class=\"elementor-widget-container\">\n\t\t\t\t\t\t\t<p>Na\u0161i redari su obu\u010deni za brzo prepoznavanje i reagiranje na potencijalne prijetnje, te blisko sura\u0111uju s lokalnim policijskim i hitnim slu\u017ebama. Tako\u0111er pru\u017eamo usluge reguliranja ulaza i izlaza, kao i upravljanje gomilom za osiguranje nesmetanog protoka ljudi. Povjerenje u na\u0161u redarsku slu\u017ebu zna\u010di osiguranje sigurnog i uspje\u0161nog doga\u0111aja za sve sudionike.<\/p>\t\t\t\t\t\t<\/div>\n\t\t\t\t<\/div>\n\t\t\t\t<div class=\"elementor-element elementor-element-ed8ae4b red-gray-button elementor-widget elementor-widget-button\" data-id=\"ed8ae4b\" data-element_type=\"widget\" data-widget_type=\"button.default\">\n\t\t\t\t<div class=\"elementor-widget-container\">\n\t\t\t\t\t<div class=\"elementor-button-wrapper\">\n\t\t\t<a class=\"elementor-button elementor-button-link elementor-size-sm\" href=\"\/kontakt\">\n\t\t\t\t\t\t<span class=\"elementor-button-content-wrapper\">\n\t\t\t\t\t\t<span class=\"elementor-button-icon\">\n\t\t\t\t<svg xmlns=\"http:\/\/www.w3.org\/2000\/svg\" width=\"24\" height=\"24\" viewBox=\"0 0 24 24\" fill=\"none\"><path d=\"M16.172 11L10.808 5.636L12.222 4.222L20 12L12.222 19.778L10.808 18.364L16.172 13H4V11H16.172Z\" fill=\"#C6C8CC\"><\/path><\/svg>\t\t\t<\/span>\n\t\t\t\t\t\t\t\t\t<span class=\"elementor-button-text\">KONTAKT<\/span>\n\t\t\t\t\t<\/span>\n\t\t\t\t\t<\/a>\n\t\t<\/div>\n\t\t\t\t<\/div>\n\t\t\t\t<\/div>\n\t\t\t\t<\/div>\n\t\t\t\t\t<\/div>\n\t\t\t\t<\/div>\n\t\t<div class=\"elementor-element elementor-element-2dba259 e-flex e-con-boxed e-con e-parent\" data-id=\"2dba259\" data-element_type=\"container\">\n\t\t\t\t\t<div class=\"e-con-inner\">\n\t\t\t\t<div class=\"elementor-element elementor-element-45a5e41 elementor-widget elementor-widget-heading\" data-id=\"45a5e41\" data-element_type=\"widget\" data-widget_type=\"heading.default\">\n\t\t\t\t<div class=\"elementor-widget-container\">\n\t\t\t<h3 class=\"elementor-heading-title elementor-size-default\">Ostale usluge<\/h3>\t\t<\/div>\n\t\t\t\t<\/div>\n\t\t<div class=\"elementor-element elementor-element-7730cc3 e-con-full e-flex e-con e-child\" data-id=\"7730cc3\" data-element_type=\"container\">\n\t\t<a class=\"elementor-element elementor-element-0fbcbe7 e-con-full e-flex e-con e-child\" data-id=\"0fbcbe7\" data-element_type=\"container\" href=\"\/pratnja-novca-i-dragocjenosti\/\">\n\t\t<div class=\"elementor-element elementor-element-f4702f1 e-con-full e-flex e-con e-child\" data-id=\"f4702f1\" data-element_type=\"container\" data-settings=\"{&quot;background_background&quot;:&quot;classic&quot;}\">\n\t\t\t\t<div class=\"elementor-element elementor-element-4543297 elementor-widget elementor-widget-image\" data-id=\"4543297\" data-element_type=\"widget\" data-widget_type=\"image.default\">\n\t\t\t\t<div class=\"elementor-widget-container\">\n\t\t\t\t\t\t\t\t\t\t\t\t\t<img decoding=\"async\" width=\"800\" height=\"800\" src=\"https:\/\/zastita-jurenec.hr\/wp-content\/uploads\/2024\/08\/RiCopperDiamondLine.svg\" class=\"attachment-large size-large wp-image-1092\" alt=\"\" \/>\t\t\t\t\t\t\t\t\t\t\t\t\t<\/div>\n\t\t\t\t<\/div>\n\t\t\t\t<\/div>\n\t\t\t\t<div class=\"elementor-element elementor-element-bd01a41 elementor-widget elementor-widget-heading\" data-id=\"bd01a41\" data-element_type=\"widget\" data-widget_type=\"heading.default\">\n\t\t\t\t<div class=\"elementor-widget-container\">\n\t\t\t<h6 class=\"elementor-heading-title elementor-size-default\">PRATNJA NOVCA I DRAGOCJENOSTI<\/h6>\t\t<\/div>\n\t\t\t\t<\/div>\n\t\t\t\t<div class=\"elementor-element elementor-element-fce0200 elementor-widget elementor-widget-text-editor\" data-id=\"fce0200\" data-element_type=\"widget\" data-widget_type=\"text-editor.default\">\n\t\t\t\t<div class=\"elementor-widget-container\">\n\t\t\t\t\t\t\t<p>Na\u0161i timovi su visoko obu\u010deni za rukovanje velikim koli\u010dinama novca i dragocjenostima, pru\u017eaju\u0107i maksimalnu sigurnost tijekom cijelog procesa.<\/p>\t\t\t\t\t\t<\/div>\n\t\t\t\t<\/div>\n\t\t\t\t<\/a>\n\t\t<a class=\"elementor-element elementor-element-3c6bfcf e-con-full e-flex e-con e-child\" data-id=\"3c6bfcf\" data-element_type=\"container\" href=\"\/zastitari\">\n\t\t<div class=\"elementor-element elementor-element-e22ae44 e-con-full e-flex e-con e-child\" data-id=\"e22ae44\" data-element_type=\"container\" data-settings=\"{&quot;background_background&quot;:&quot;classic&quot;}\">\n\t\t\t\t<div class=\"elementor-element elementor-element-e9cf426 elementor-widget elementor-widget-image\" data-id=\"e9cf426\" data-element_type=\"widget\" data-widget_type=\"image.default\">\n\t\t\t\t<div class=\"elementor-widget-container\">\n\t\t\t\t\t\t\t\t\t\t\t\t\t<img decoding=\"async\" width=\"800\" height=\"800\" src=\"https:\/\/zastita-jurenec.hr\/wp-content\/uploads\/2024\/08\/Group.svg\" class=\"attachment-large size-large wp-image-542\" alt=\"\" \/>\t\t\t\t\t\t\t\t\t\t\t\t\t<\/div>\n\t\t\t\t<\/div>\n\t\t\t\t<\/div>\n\t\t\t\t<div class=\"elementor-element elementor-element-19a35e2 elementor-widget elementor-widget-heading\" data-id=\"19a35e2\" data-element_type=\"widget\" data-widget_type=\"heading.default\">\n\t\t\t\t<div class=\"elementor-widget-container\">\n\t\t\t<h6 class=\"elementor-heading-title elementor-size-default\">ZA\u0160TITARI<\/h6>\t\t<\/div>\n\t\t\t\t<\/div>\n\t\t\t\t<div class=\"elementor-element elementor-element-512b594 elementor-widget elementor-widget-text-editor\" data-id=\"512b594\" data-element_type=\"widget\" data-widget_type=\"text-editor.default\">\n\t\t\t\t<div class=\"elementor-widget-container\">\n\t\t\t\t\t\t\t<p>Na\u0161i tjelohranitelji pru\u017eaju vrhunsku osobnu za\u0161titu za VIP osobe. Osiguravamo maksimalnu sigurnost i diskreciju uz personalizirane planove.<\/p>\t\t\t\t\t\t<\/div>\n\t\t\t\t<\/div>\n\t\t\t\t<\/a>\n\t\t<a class=\"elementor-element elementor-element-f30f057 e-con-full e-flex e-con e-child\" data-id=\"f30f057\" data-element_type=\"container\" href=\"\/tjelohranitelj\">\n\t\t<div class=\"elementor-element elementor-element-ac50f01 e-con-full e-flex e-con e-child\" data-id=\"ac50f01\" data-element_type=\"container\" data-settings=\"{&quot;background_background&quot;:&quot;classic&quot;}\">\n\t\t\t\t<div class=\"elementor-element elementor-element-69bca46 elementor-widget elementor-widget-image\" data-id=\"69bca46\" data-element_type=\"widget\" data-widget_type=\"image.default\">\n\t\t\t\t<div class=\"elementor-widget-container\">\n\t\t\t\t\t\t\t\t\t\t\t\t\t<img loading=\"lazy\" decoding=\"async\" width=\"800\" height=\"777\" src=\"https:\/\/zastita-jurenec.hr\/wp-content\/uploads\/2024\/08\/RiShieldStarLine.svg\" class=\"attachment-large size-large wp-image-559\" alt=\"\" \/>\t\t\t\t\t\t\t\t\t\t\t\t\t<\/div>\n\t\t\t\t<\/div>\n\t\t\t\t<\/div>\n\t\t\t\t<div class=\"elementor-element elementor-element-a44b86c elementor-widget elementor-widget-heading\" data-id=\"a44b86c\" data-element_type=\"widget\" data-widget_type=\"heading.default\">\n\t\t\t\t<div class=\"elementor-widget-container\">\n\t\t\t<h6 class=\"elementor-heading-title elementor-size-default\">TJELOHRANITELJ<\/h6>\t\t<\/div>\n\t\t\t\t<\/div>\n\t\t\t\t<div class=\"elementor-element elementor-element-7691657 elementor-widget elementor-widget-text-editor\" data-id=\"7691657\" data-element_type=\"widget\" data-widget_type=\"text-editor.default\">\n\t\t\t\t<div class=\"elementor-widget-container\">\n\t\t\t\t\t\t\t<p>Osiguravamo red i sigurnost na javnim doga\u0111anjima. Na\u0161i redari brzo prepoznaju i reagiraju na prijetnje, osiguravaju\u0107i sigurno okru\u017eenje.<\/p>\t\t\t\t\t\t<\/div>\n\t\t\t\t<\/div>\n\t\t\t\t<\/a>\n\t\t\t\t<\/div>\n\t\t\t\t\t<\/div>\n\t\t\t\t<\/div>\n\t\t\t\t<\/div>\n\t\t","protected":false},"excerpt":{"rendered":"<p>Tjelesna za\u0161tita Redarska slu\u017eba Na\u0161a redarska slu\u017eba osigurava sigurnost i red na javnim doga\u0111anjima, manifestacijama i okupljanjima poput koncerata i utakmica. Na\u0161i redari su visoko obu\u010deni za rukovanje velikim brojem ljudi i sprje\u010davanje incidenata. Osiguravamo prisutnost na\u0161ih redara na klju\u010dnim to\u010dkama doga\u0111aja kako bismo osigurali kontrolirano i sigurno okru\u017eenje za sve sudionike. Na\u0161i redari su [&hellip;]<\/p>\n","protected":false},"author":1,"featured_media":0,"parent":0,"menu_order":0,"comment_status":"closed","ping_status":"closed","template":"","meta":{"inline_featured_image":false,"footnotes":""},"class_list":["post-1212","page","type-page","status-publish","hentry"],"yoast_head":"<!-- This site is optimized with the Yoast SEO plugin v27.4 - https:\/\/yoast.com\/product\/yoast-seo-wordpress\/ -->\n<title>Redarska slu\u017eba - Za\u0161tita Jurenec<\/title>\n<meta name=\"robots\" content=\"index, follow, max-snippet:-1, max-image-preview:large, max-video-preview:-1\" \/>\n<link rel=\"canonical\" href=\"https:\/\/zastita-jurenec.hr\/?page_id=1212\" \/>\n<meta property=\"og:locale\" content=\"en_US\" \/>\n<meta property=\"og:type\" content=\"article\" \/>\n<meta property=\"og:title\" content=\"Redarska slu\u017eba - Za\u0161tita Jurenec\" \/>\n<meta property=\"og:description\" content=\"Tjelesna za\u0161tita Redarska slu\u017eba Na\u0161a redarska slu\u017eba osigurava sigurnost i red na javnim doga\u0111anjima, manifestacijama i okupljanjima poput koncerata i utakmica. Na\u0161i redari su visoko obu\u010deni za rukovanje velikim brojem ljudi i sprje\u010davanje incidenata. Osiguravamo prisutnost na\u0161ih redara na klju\u010dnim to\u010dkama doga\u0111aja kako bismo osigurali kontrolirano i sigurno okru\u017eenje za sve sudionike. Na\u0161i redari su [&hellip;]\" \/>\n<meta property=\"og:url\" content=\"https:\/\/zastita-jurenec.hr\/?page_id=1212\" \/>\n<meta property=\"og:site_name\" content=\"Za\u0161tita Jurenec\" \/>\n<meta property=\"article:modified_time\" content=\"2024-09-04T10:57:25+00:00\" \/>\n<meta property=\"og:image\" content=\"http:\/\/zastita-jurenec.amondi.dev\/wp-content\/uploads\/2024\/09\/Hero8.webp\" \/>\n<meta name=\"twitter:card\" content=\"summary_large_image\" \/>\n<meta name=\"twitter:label1\" content=\"Est. reading time\" \/>\n\t<meta name=\"twitter:data1\" content=\"1 minute\" \/>\n<script type=\"application\/ld+json\" class=\"yoast-schema-graph\">{\"@context\":\"https:\\\/\\\/schema.org\",\"@graph\":[{\"@type\":\"WebPage\",\"@id\":\"https:\\\/\\\/zastita-jurenec.hr\\\/?page_id=1212\",\"url\":\"https:\\\/\\\/zastita-jurenec.hr\\\/?page_id=1212\",\"name\":\"Redarska slu\u017eba - Za\u0161tita Jurenec\",\"isPartOf\":{\"@id\":\"https:\\\/\\\/zastita-jurenec.hr\\\/#website\"},\"primaryImageOfPage\":{\"@id\":\"https:\\\/\\\/zastita-jurenec.hr\\\/?page_id=1212#primaryimage\"},\"image\":{\"@id\":\"https:\\\/\\\/zastita-jurenec.hr\\\/?page_id=1212#primaryimage\"},\"thumbnailUrl\":\"http:\\\/\\\/zastita-jurenec.amondi.dev\\\/wp-content\\\/uploads\\\/2024\\\/09\\\/Hero8.webp\",\"datePublished\":\"2024-09-03T08:09:33+00:00\",\"dateModified\":\"2024-09-04T10:57:25+00:00\",\"breadcrumb\":{\"@id\":\"https:\\\/\\\/zastita-jurenec.hr\\\/?page_id=1212#breadcrumb\"},\"inLanguage\":\"en-US\",\"potentialAction\":[{\"@type\":\"ReadAction\",\"target\":[\"https:\\\/\\\/zastita-jurenec.hr\\\/?page_id=1212\"]}]},{\"@type\":\"ImageObject\",\"inLanguage\":\"en-US\",\"@id\":\"https:\\\/\\\/zastita-jurenec.hr\\\/?page_id=1212#primaryimage\",\"url\":\"http:\\\/\\\/zastita-jurenec.amondi.dev\\\/wp-content\\\/uploads\\\/2024\\\/09\\\/Hero8.webp\",\"contentUrl\":\"http:\\\/\\\/zastita-jurenec.amondi.dev\\\/wp-content\\\/uploads\\\/2024\\\/09\\\/Hero8.webp\"},{\"@type\":\"BreadcrumbList\",\"@id\":\"https:\\\/\\\/zastita-jurenec.hr\\\/?page_id=1212#breadcrumb\",\"itemListElement\":[{\"@type\":\"ListItem\",\"position\":1,\"name\":\"Home\",\"item\":\"https:\\\/\\\/zastita-jurenec.hr\\\/\"},{\"@type\":\"ListItem\",\"position\":2,\"name\":\"Redarska slu\u017eba\"}]},{\"@type\":\"WebSite\",\"@id\":\"https:\\\/\\\/zastita-jurenec.hr\\\/#website\",\"url\":\"https:\\\/\\\/zastita-jurenec.hr\\\/\",\"name\":\"Za\u0161tita Jurenec\",\"description\":\"\",\"publisher\":{\"@id\":\"https:\\\/\\\/zastita-jurenec.hr\\\/#organization\"},\"potentialAction\":[{\"@type\":\"SearchAction\",\"target\":{\"@type\":\"EntryPoint\",\"urlTemplate\":\"https:\\\/\\\/zastita-jurenec.hr\\\/?s={search_term_string}\"},\"query-input\":{\"@type\":\"PropertyValueSpecification\",\"valueRequired\":true,\"valueName\":\"search_term_string\"}}],\"inLanguage\":\"en-US\"},{\"@type\":\"Organization\",\"@id\":\"https:\\\/\\\/zastita-jurenec.hr\\\/#organization\",\"name\":\"Za\u0161tita Jurenec\",\"url\":\"https:\\\/\\\/zastita-jurenec.hr\\\/\",\"logo\":{\"@type\":\"ImageObject\",\"inLanguage\":\"en-US\",\"@id\":\"https:\\\/\\\/zastita-jurenec.hr\\\/#\\\/schema\\\/logo\\\/image\\\/\",\"url\":\"https:\\\/\\\/zastita-jurenec.hr\\\/wp-content\\\/uploads\\\/2024\\\/08\\\/Jurenec-logo-positive.svg\",\"contentUrl\":\"https:\\\/\\\/zastita-jurenec.hr\\\/wp-content\\\/uploads\\\/2024\\\/08\\\/Jurenec-logo-positive.svg\",\"width\":96,\"height\":156,\"caption\":\"Za\u0161tita Jurenec\"},\"image\":{\"@id\":\"https:\\\/\\\/zastita-jurenec.hr\\\/#\\\/schema\\\/logo\\\/image\\\/\"}}]}<\/script>\n<!-- \/ Yoast SEO plugin. -->","yoast_head_json":{"title":"Redarska slu\u017eba - Za\u0161tita Jurenec","robots":{"index":"index","follow":"follow","max-snippet":"max-snippet:-1","max-image-preview":"max-image-preview:large","max-video-preview":"max-video-preview:-1"},"canonical":"https:\/\/zastita-jurenec.hr\/?page_id=1212","og_locale":"en_US","og_type":"article","og_title":"Redarska slu\u017eba - Za\u0161tita Jurenec","og_description":"Tjelesna za\u0161tita Redarska slu\u017eba Na\u0161a redarska slu\u017eba osigurava sigurnost i red na javnim doga\u0111anjima, manifestacijama i okupljanjima poput koncerata i utakmica. Na\u0161i redari su visoko obu\u010deni za rukovanje velikim brojem ljudi i sprje\u010davanje incidenata. Osiguravamo prisutnost na\u0161ih redara na klju\u010dnim to\u010dkama doga\u0111aja kako bismo osigurali kontrolirano i sigurno okru\u017eenje za sve sudionike. Na\u0161i redari su [&hellip;]","og_url":"https:\/\/zastita-jurenec.hr\/?page_id=1212","og_site_name":"Za\u0161tita Jurenec","article_modified_time":"2024-09-04T10:57:25+00:00","og_image":[{"url":"http:\/\/zastita-jurenec.amondi.dev\/wp-content\/uploads\/2024\/09\/Hero8.webp","type":"","width":"","height":""}],"twitter_card":"summary_large_image","twitter_misc":{"Est. reading time":"1 minute"},"schema":{"@context":"https:\/\/schema.org","@graph":[{"@type":"WebPage","@id":"https:\/\/zastita-jurenec.hr\/?page_id=1212","url":"https:\/\/zastita-jurenec.hr\/?page_id=1212","name":"Redarska slu\u017eba - Za\u0161tita Jurenec","isPartOf":{"@id":"https:\/\/zastita-jurenec.hr\/#website"},"primaryImageOfPage":{"@id":"https:\/\/zastita-jurenec.hr\/?page_id=1212#primaryimage"},"image":{"@id":"https:\/\/zastita-jurenec.hr\/?page_id=1212#primaryimage"},"thumbnailUrl":"http:\/\/zastita-jurenec.amondi.dev\/wp-content\/uploads\/2024\/09\/Hero8.webp","datePublished":"2024-09-03T08:09:33+00:00","dateModified":"2024-09-04T10:57:25+00:00","breadcrumb":{"@id":"https:\/\/zastita-jurenec.hr\/?page_id=1212#breadcrumb"},"inLanguage":"en-US","potentialAction":[{"@type":"ReadAction","target":["https:\/\/zastita-jurenec.hr\/?page_id=1212"]}]},{"@type":"ImageObject","inLanguage":"en-US","@id":"https:\/\/zastita-jurenec.hr\/?page_id=1212#primaryimage","url":"http:\/\/zastita-jurenec.amondi.dev\/wp-content\/uploads\/2024\/09\/Hero8.webp","contentUrl":"http:\/\/zastita-jurenec.amondi.dev\/wp-content\/uploads\/2024\/09\/Hero8.webp"},{"@type":"BreadcrumbList","@id":"https:\/\/zastita-jurenec.hr\/?page_id=1212#breadcrumb","itemListElement":[{"@type":"ListItem","position":1,"name":"Home","item":"https:\/\/zastita-jurenec.hr\/"},{"@type":"ListItem","position":2,"name":"Redarska slu\u017eba"}]},{"@type":"WebSite","@id":"https:\/\/zastita-jurenec.hr\/#website","url":"https:\/\/zastita-jurenec.hr\/","name":"Za\u0161tita Jurenec","description":"","publisher":{"@id":"https:\/\/zastita-jurenec.hr\/#organization"},"potentialAction":[{"@type":"SearchAction","target":{"@type":"EntryPoint","urlTemplate":"https:\/\/zastita-jurenec.hr\/?s={search_term_string}"},"query-input":{"@type":"PropertyValueSpecification","valueRequired":true,"valueName":"search_term_string"}}],"inLanguage":"en-US"},{"@type":"Organization","@id":"https:\/\/zastita-jurenec.hr\/#organization","name":"Za\u0161tita Jurenec","url":"https:\/\/zastita-jurenec.hr\/","logo":{"@type":"ImageObject","inLanguage":"en-US","@id":"https:\/\/zastita-jurenec.hr\/#\/schema\/logo\/image\/","url":"https:\/\/zastita-jurenec.hr\/wp-content\/uploads\/2024\/08\/Jurenec-logo-positive.svg","contentUrl":"https:\/\/zastita-jurenec.hr\/wp-content\/uploads\/2024\/08\/Jurenec-logo-positive.svg","width":96,"height":156,"caption":"Za\u0161tita Jurenec"},"image":{"@id":"https:\/\/zastita-jurenec.hr\/#\/schema\/logo\/image\/"}}]}},"_links":{"self":[{"href":"https:\/\/zastita-jurenec.hr\/index.php?rest_route=\/wp\/v2\/pages\/1212","targetHints":{"allow":["GET"]}}],"collection":[{"href":"https:\/\/zastita-jurenec.hr\/index.php?rest_route=\/wp\/v2\/pages"}],"about":[{"href":"https:\/\/zastita-jurenec.hr\/index.php?rest_route=\/wp\/v2\/types\/page"}],"author":[{"embeddable":true,"href":"https:\/\/zastita-jurenec.hr\/index.php?rest_route=\/wp\/v2\/users\/1"}],"replies":[{"embeddable":true,"href":"https:\/\/zastita-jurenec.hr\/index.php?rest_route=%2Fwp%2Fv2%2Fcomments&post=1212"}],"version-history":[{"count":16,"href":"https:\/\/zastita-jurenec.hr\/index.php?rest_route=\/wp\/v2\/pages\/1212\/revisions"}],"predecessor-version":[{"id":1705,"href":"https:\/\/zastita-jurenec.hr\/index.php?rest_route=\/wp\/v2\/pages\/1212\/revisions\/1705"}],"wp:attachment":[{"href":"https:\/\/zastita-jurenec.hr\/index.php?rest_route=%2Fwp%2Fv2%2Fmedia&parent=1212"}],"curies":[{"name":"wp","href":"https:\/\/api.w.org\/{rel}","templated":true}]}}